{"id":74,"date":"2013-05-25T01:40:06","date_gmt":"2013-05-24T23:40:06","guid":{"rendered":"https:\/\/www.larskophal.ch\/press\/?page_id=74"},"modified":"2017-04-04T01:55:10","modified_gmt":"2017-04-03T23:55:10","slug":"photos","status":"publish","type":"page","link":"https:\/\/www.larskophal.ch\/press\/photos\/","title":{"rendered":"Photos"},"content":{"rendered":"<p>Sans aucune pr\u00e9tention artistique, encore moins de connaissances techniques, je saisis au vol ce que je vois, ici ou ailleurs, le jour ou la nuit. Parfois il suffit d&#8217;un accident ou d&#8217;un heureuse erreur pour capturer l&#8217;essence d&#8217;un instant. Pas forc\u00e9ment originales ni m\u00eame r\u00e9ussies, jamais retravaill\u00e9es, mes photos sont mon journal, ma m\u00e9moire, des instantan\u00e9es de ce que je vis et de ce(ux\/lles) que je croise.<\/p>\n<p><a title=\"Voyages\" href=\"https:\/\/www.larskophal.ch\/press\/photos\/voyages\/\"><img loading=\"lazy\" decoding=\"async\" class=\"aligncenter size-full wp-image-114\" src=\"https:\/\/www.larskophal.ch\/press\/wp-content\/uploads\/2013\/05\/VO-940x198.jpg\" alt=\"VO-940x198\" height=\"198\" width=\"940\" srcset=\"https:\/\/www.larskophal.ch\/press\/wp-content\/uploads\/2013\/05\/VO-940x198.jpg 940w, https:\/\/www.larskophal.ch\/press\/wp-content\/uploads\/2013\/05\/VO-940x198-300x63.jpg 300w, https:\/\/www.larskophal.ch\/press\/wp-content\/uploads\/2013\/05\/VO-940x198-500x105.jpg 500w\" sizes=\"auto, (max-width: 940px) 100vw, 940px\" \/><\/a><\/p>\n<p><a title=\"Divers\" href=\"https:\/\/www.larskophal.ch\/press\/photos\/divers\/\"><img loading=\"lazy\" decoding=\"async\" class=\"aligncenter size-full wp-image-110\" src=\"https:\/\/www.larskophal.ch\/press\/wp-content\/uploads\/2013\/05\/DIVERS-940x1981.jpg\" alt=\"DIVERS-940x198\" height=\"198\" width=\"940\" srcset=\"https:\/\/www.larskophal.ch\/press\/wp-content\/uploads\/2013\/05\/DIVERS-940x1981.jpg 940w, https:\/\/www.larskophal.ch\/press\/wp-content\/uploads\/2013\/05\/DIVERS-940x1981-300x63.jpg 300w, https:\/\/www.larskophal.ch\/press\/wp-content\/uploads\/2013\/05\/DIVERS-940x1981-500x105.jpg 500w\" sizes=\"auto, (max-width: 940px) 100vw, 940px\" \/><\/a><a title=\"Nuits\" href=\"https:\/\/www.larskophal.ch\/press\/photos\/nuit\/\"><img loading=\"lazy\" decoding=\"async\" class=\"aligncenter size-full wp-image-113\" src=\"https:\/\/www.larskophal.ch\/press\/wp-content\/uploads\/2013\/05\/NU-940x1981.jpg\" alt=\"NU-940x198\" height=\"198\" width=\"940\" srcset=\"https:\/\/www.larskophal.ch\/press\/wp-content\/uploads\/2013\/05\/NU-940x1981.jpg 940w, https:\/\/www.larskophal.ch\/press\/wp-content\/uploads\/2013\/05\/NU-940x1981-300x63.jpg 300w, https:\/\/www.larskophal.ch\/press\/wp-content\/uploads\/2013\/05\/NU-940x1981-500x105.jpg 500w\" sizes=\"auto, (max-width: 940px) 100vw, 940px\" \/><\/a><\/p>\n","protected":false},"excerpt":{"rendered":"<p>Sans aucune pr\u00e9tention artistique, encore moins de connaissances techniques, je saisis au vol ce que je vois, ici ou ailleurs, le jour ou la nuit. Parfois il suffit d&#8217;un accident ou d&#8217;un heureuse erreur pour capturer l&#8217;essence d&#8217;un instant. Pas forc\u00e9ment originales ni m\u00eame r\u00e9ussies, jamais retravaill\u00e9es, mes photos sont mon journal, ma m\u00e9moire, des &hellip;<\/p>\n","protected":false},"author":1,"featured_media":0,"parent":0,"menu_order":0,"comment_status":"closed","ping_status":"closed","template":"sidebar-page.php","meta":{"content-type":"","ngg_post_thumbnail":0,"footnotes":""},"class_list":["post-74","page","type-page","status-publish","hentry"],"yoast_head":"<!-- This site is optimized with the Yoast SEO plugin v26.5 - https:\/\/yoast.com\/wordpress\/plugins\/seo\/ -->\n<title>Photos - Lars Kophal<\/title>\n<meta name=\"robots\" content=\"index, follow, max-snippet:-1, max-image-preview:large, max-video-preview:-1\" \/>\n<link rel=\"canonical\" href=\"https:\/\/www.larskophal.ch\/press\/photos\/\" \/>\n<meta property=\"og:locale\" content=\"fr_FR\" \/>\n<meta property=\"og:type\" content=\"article\" \/>\n<meta property=\"og:title\" content=\"Photos - Lars Kophal\" \/>\n<meta property=\"og:description\" content=\"Sans aucune pr\u00e9tention artistique, encore moins de connaissances techniques, je saisis au vol ce que je vois, ici ou ailleurs, le jour ou la nuit. Parfois il suffit d&#8217;un accident ou d&#8217;un heureuse erreur pour capturer l&#8217;essence d&#8217;un instant. Pas forc\u00e9ment originales ni m\u00eame r\u00e9ussies, jamais retravaill\u00e9es, mes photos sont mon journal, ma m\u00e9moire, des &hellip;\" \/>\n<meta property=\"og:url\" content=\"https:\/\/www.larskophal.ch\/press\/photos\/\" \/>\n<meta property=\"og:site_name\" content=\"Lars Kophal\" \/>\n<meta property=\"article:modified_time\" content=\"2017-04-03T23:55:10+00:00\" \/>\n<meta property=\"og:image\" content=\"https:\/\/www.larskophal.ch\/press\/wp-content\/uploads\/2013\/05\/VO-940x198.jpg\" \/>\n<meta name=\"twitter:card\" content=\"summary_large_image\" \/>\n<script type=\"application\/ld+json\" class=\"yoast-schema-graph\">{\"@context\":\"https:\/\/schema.org\",\"@graph\":[{\"@type\":\"WebPage\",\"@id\":\"https:\/\/www.larskophal.ch\/press\/photos\/\",\"url\":\"https:\/\/www.larskophal.ch\/press\/photos\/\",\"name\":\"Photos - Lars Kophal\",\"isPartOf\":{\"@id\":\"https:\/\/www.larskophal.ch\/press\/#website\"},\"primaryImageOfPage\":{\"@id\":\"https:\/\/www.larskophal.ch\/press\/photos\/#primaryimage\"},\"image\":{\"@id\":\"https:\/\/www.larskophal.ch\/press\/photos\/#primaryimage\"},\"thumbnailUrl\":\"https:\/\/www.larskophal.ch\/press\/wp-content\/uploads\/2013\/05\/VO-940x198.jpg\",\"datePublished\":\"2013-05-24T23:40:06+00:00\",\"dateModified\":\"2017-04-03T23:55:10+00:00\",\"breadcrumb\":{\"@id\":\"https:\/\/www.larskophal.ch\/press\/photos\/#breadcrumb\"},\"inLanguage\":\"fr-FR\",\"potentialAction\":[{\"@type\":\"ReadAction\",\"target\":[\"https:\/\/www.larskophal.ch\/press\/photos\/\"]}]},{\"@type\":\"ImageObject\",\"inLanguage\":\"fr-FR\",\"@id\":\"https:\/\/www.larskophal.ch\/press\/photos\/#primaryimage\",\"url\":\"https:\/\/www.larskophal.ch\/press\/wp-content\/uploads\/2013\/05\/VO-940x198.jpg\",\"contentUrl\":\"https:\/\/www.larskophal.ch\/press\/wp-content\/uploads\/2013\/05\/VO-940x198.jpg\"},{\"@type\":\"BreadcrumbList\",\"@id\":\"https:\/\/www.larskophal.ch\/press\/photos\/#breadcrumb\",\"itemListElement\":[{\"@type\":\"ListItem\",\"position\":1,\"name\":\"Accueil\",\"item\":\"https:\/\/www.larskophal.ch\/press\/\"},{\"@type\":\"ListItem\",\"position\":2,\"name\":\"Photos\"}]},{\"@type\":\"WebSite\",\"@id\":\"https:\/\/www.larskophal.ch\/press\/#website\",\"url\":\"https:\/\/www.larskophal.ch\/press\/\",\"name\":\"Lars Kophal\",\"description\":\"le journalisme, l&#039;enseignement, les voyages et moi.\",\"publisher\":{\"@id\":\"https:\/\/www.larskophal.ch\/press\/#\/schema\/person\/e39cd1f07abd3115c360cc70d526b144\"},\"potentialAction\":[{\"@type\":\"SearchAction\",\"target\":{\"@type\":\"EntryPoint\",\"urlTemplate\":\"https:\/\/www.larskophal.ch\/press\/?s={search_term_string}\"},\"query-input\":{\"@type\":\"PropertyValueSpecification\",\"valueRequired\":true,\"valueName\":\"search_term_string\"}}],\"inLanguage\":\"fr-FR\"},{\"@type\":[\"Person\",\"Organization\"],\"@id\":\"https:\/\/www.larskophal.ch\/press\/#\/schema\/person\/e39cd1f07abd3115c360cc70d526b144\",\"name\":\"Lars Kophal\",\"image\":{\"@type\":\"ImageObject\",\"inLanguage\":\"fr-FR\",\"@id\":\"https:\/\/www.larskophal.ch\/press\/#\/schema\/person\/image\/\",\"url\":\"https:\/\/www.larskophal.ch\/press\/wp-content\/uploads\/2021\/10\/Minimalist-Circle-Letter-J-Logo.png\",\"contentUrl\":\"https:\/\/www.larskophal.ch\/press\/wp-content\/uploads\/2021\/10\/Minimalist-Circle-Letter-J-Logo.png\",\"width\":750,\"height\":750,\"caption\":\"Lars Kophal\"},\"logo\":{\"@id\":\"https:\/\/www.larskophal.ch\/press\/#\/schema\/person\/image\/\"},\"description\":\"Swiss journalist, author, party organizer and renegade.\",\"sameAs\":[\"https:\/\/www.larskophal.ch\",\"https:\/\/www.instagram.com\/larskophal\",\"https:\/\/www.linkedin.com\/in\/lkophal\/\",\"https:\/\/www.youtube.com\/channel\/UCcKvhhAX9AXtz0i5d5Qq9NQ\"]}]}<\/script>\n<!-- \/ Yoast SEO plugin. -->","yoast_head_json":{"title":"Photos - Lars Kophal","robots":{"index":"index","follow":"follow","max-snippet":"max-snippet:-1","max-image-preview":"max-image-preview:large","max-video-preview":"max-video-preview:-1"},"canonical":"https:\/\/www.larskophal.ch\/press\/photos\/","og_locale":"fr_FR","og_type":"article","og_title":"Photos - Lars Kophal","og_description":"Sans aucune pr\u00e9tention artistique, encore moins de connaissances techniques, je saisis au vol ce que je vois, ici ou ailleurs, le jour ou la nuit. Parfois il suffit d&#8217;un accident ou d&#8217;un heureuse erreur pour capturer l&#8217;essence d&#8217;un instant. Pas forc\u00e9ment originales ni m\u00eame r\u00e9ussies, jamais retravaill\u00e9es, mes photos sont mon journal, ma m\u00e9moire, des &hellip;","og_url":"https:\/\/www.larskophal.ch\/press\/photos\/","og_site_name":"Lars Kophal","article_modified_time":"2017-04-03T23:55:10+00:00","og_image":[{"url":"https:\/\/www.larskophal.ch\/press\/wp-content\/uploads\/2013\/05\/VO-940x198.jpg","type":"","width":"","height":""}],"twitter_card":"summary_large_image","schema":{"@context":"https:\/\/schema.org","@graph":[{"@type":"WebPage","@id":"https:\/\/www.larskophal.ch\/press\/photos\/","url":"https:\/\/www.larskophal.ch\/press\/photos\/","name":"Photos - Lars Kophal","isPartOf":{"@id":"https:\/\/www.larskophal.ch\/press\/#website"},"primaryImageOfPage":{"@id":"https:\/\/www.larskophal.ch\/press\/photos\/#primaryimage"},"image":{"@id":"https:\/\/www.larskophal.ch\/press\/photos\/#primaryimage"},"thumbnailUrl":"https:\/\/www.larskophal.ch\/press\/wp-content\/uploads\/2013\/05\/VO-940x198.jpg","datePublished":"2013-05-24T23:40:06+00:00","dateModified":"2017-04-03T23:55:10+00:00","breadcrumb":{"@id":"https:\/\/www.larskophal.ch\/press\/photos\/#breadcrumb"},"inLanguage":"fr-FR","potentialAction":[{"@type":"ReadAction","target":["https:\/\/www.larskophal.ch\/press\/photos\/"]}]},{"@type":"ImageObject","inLanguage":"fr-FR","@id":"https:\/\/www.larskophal.ch\/press\/photos\/#primaryimage","url":"https:\/\/www.larskophal.ch\/press\/wp-content\/uploads\/2013\/05\/VO-940x198.jpg","contentUrl":"https:\/\/www.larskophal.ch\/press\/wp-content\/uploads\/2013\/05\/VO-940x198.jpg"},{"@type":"BreadcrumbList","@id":"https:\/\/www.larskophal.ch\/press\/photos\/#breadcrumb","itemListElement":[{"@type":"ListItem","position":1,"name":"Accueil","item":"https:\/\/www.larskophal.ch\/press\/"},{"@type":"ListItem","position":2,"name":"Photos"}]},{"@type":"WebSite","@id":"https:\/\/www.larskophal.ch\/press\/#website","url":"https:\/\/www.larskophal.ch\/press\/","name":"Lars Kophal","description":"le journalisme, l&#039;enseignement, les voyages et moi.","publisher":{"@id":"https:\/\/www.larskophal.ch\/press\/#\/schema\/person\/e39cd1f07abd3115c360cc70d526b144"},"potentialAction":[{"@type":"SearchAction","target":{"@type":"EntryPoint","urlTemplate":"https:\/\/www.larskophal.ch\/press\/?s={search_term_string}"},"query-input":{"@type":"PropertyValueSpecification","valueRequired":true,"valueName":"search_term_string"}}],"inLanguage":"fr-FR"},{"@type":["Person","Organization"],"@id":"https:\/\/www.larskophal.ch\/press\/#\/schema\/person\/e39cd1f07abd3115c360cc70d526b144","name":"Lars Kophal","image":{"@type":"ImageObject","inLanguage":"fr-FR","@id":"https:\/\/www.larskophal.ch\/press\/#\/schema\/person\/image\/","url":"https:\/\/www.larskophal.ch\/press\/wp-content\/uploads\/2021\/10\/Minimalist-Circle-Letter-J-Logo.png","contentUrl":"https:\/\/www.larskophal.ch\/press\/wp-content\/uploads\/2021\/10\/Minimalist-Circle-Letter-J-Logo.png","width":750,"height":750,"caption":"Lars Kophal"},"logo":{"@id":"https:\/\/www.larskophal.ch\/press\/#\/schema\/person\/image\/"},"description":"Swiss journalist, author, party organizer and renegade.","sameAs":["https:\/\/www.larskophal.ch","https:\/\/www.instagram.com\/larskophal","https:\/\/www.linkedin.com\/in\/lkophal\/","https:\/\/www.youtube.com\/channel\/UCcKvhhAX9AXtz0i5d5Qq9NQ"]}]}},"_links":{"self":[{"href":"https:\/\/www.larskophal.ch\/press\/wp-json\/wp\/v2\/pages\/74","targetHints":{"allow":["GET"]}}],"collection":[{"href":"https:\/\/www.larskophal.ch\/press\/wp-json\/wp\/v2\/pages"}],"about":[{"href":"https:\/\/www.larskophal.ch\/press\/wp-json\/wp\/v2\/types\/page"}],"author":[{"embeddable":true,"href":"https:\/\/www.larskophal.ch\/press\/wp-json\/wp\/v2\/users\/1"}],"replies":[{"embeddable":true,"href":"https:\/\/www.larskophal.ch\/press\/wp-json\/wp\/v2\/comments?post=74"}],"version-history":[{"count":10,"href":"https:\/\/www.larskophal.ch\/press\/wp-json\/wp\/v2\/pages\/74\/revisions"}],"predecessor-version":[{"id":425,"href":"https:\/\/www.larskophal.ch\/press\/wp-json\/wp\/v2\/pages\/74\/revisions\/425"}],"wp:attachment":[{"href":"https:\/\/www.larskophal.ch\/press\/wp-json\/wp\/v2\/media?parent=74"}],"curies":[{"name":"wp","href":"https:\/\/api.w.org\/{rel}","templated":true}]}}