{"id":50,"date":"2013-05-08T13:30:28","date_gmt":"2013-05-08T11:30:28","guid":{"rendered":"https:\/\/www.larskophal.ch\/press\/?page_id=50"},"modified":"2023-07-31T22:22:50","modified_gmt":"2023-07-31T20:22:50","slug":"blogs","status":"publish","type":"page","link":"https:\/\/www.larskophal.ch\/press\/blogs\/","title":{"rendered":"Liens"},"content":{"rendered":"<p><a href=\"http:\/\/www.soleilnoir.ch\/sun\/\" target=\"_blank\" rel=\"noopener\"><img loading=\"lazy\" decoding=\"async\" class=\"aligncenter size-full wp-image-420\" src=\"https:\/\/www.larskophal.ch\/press\/wp-content\/uploads\/2013\/05\/450210.jpg\" alt=\"\" width=\"210\" height=\"170\"><\/a><strong>Association romande pour la promotion des musiques neofolk et martial industrial<\/strong>, fond\u00e9e en 2001 en r\u00e9action a l\u2019interdiction du groupe Death In June par la Ville de Lausanne, active jusqu\u2019en 2013.<\/p>\n<p><a href=\"http:\/\/sexorcisto.party\"><img loading=\"lazy\" decoding=\"async\" class=\"aligncenter  wp-image-419\" src=\"https:\/\/www.larskophal.ch\/press\/wp-content\/uploads\/2013\/05\/sexo.jpg\" alt=\"\" width=\"740\" height=\"194\" srcset=\"https:\/\/www.larskophal.ch\/press\/wp-content\/uploads\/2013\/05\/sexo.jpg 821w, https:\/\/www.larskophal.ch\/press\/wp-content\/uploads\/2013\/05\/sexo-300x79.jpg 300w, https:\/\/www.larskophal.ch\/press\/wp-content\/uploads\/2013\/05\/sexo-768x201.jpg 768w, https:\/\/www.larskophal.ch\/press\/wp-content\/uploads\/2013\/05\/sexo-500x131.jpg 500w\" sizes=\"auto, (max-width: 740px) 100vw, 740px\" \/><\/a><strong>D\u00e9cadence et \u00e9l\u00e9gance, depuis 1993.<\/strong> Des soir\u00e9es dark \u00e0 tendance fetish, inspir\u00e9es de Torture Garden London, ou chacun est pri\u00e9 de laisser sa dignit\u00e9 au vestiaire avec ses oripaux \u00ab normaux \u00bb.<\/p>\n<p><a href=\"http:\/\/lousonnabizarra.wordpress.com\/\" target=\"_blank\" rel=\"noopener\"><img loading=\"lazy\" decoding=\"async\" class=\"aligncenter size-full wp-image-52\" src=\"https:\/\/www.larskophal.ch\/press\/wp-content\/uploads\/2013\/05\/bizarra.jpg\" alt=\"bizarra\" width=\"763\" height=\"106\" srcset=\"https:\/\/www.larskophal.ch\/press\/wp-content\/uploads\/2013\/05\/bizarra.jpg 763w, https:\/\/www.larskophal.ch\/press\/wp-content\/uploads\/2013\/05\/bizarra-300x41.jpg 300w, https:\/\/www.larskophal.ch\/press\/wp-content\/uploads\/2013\/05\/bizarra-500x69.jpg 500w\" sizes=\"auto, (max-width: 763px) 100vw, 763px\" \/><\/a><strong>Lieux \u00e9tranges, oubli\u00e9s, m\u00e9connus ou infr\u00e9quentables de Lausanne.<\/strong><br \/>\nUn guide tr\u00e8s personnel pour aventuriers urbains. Projet abandonn\u00e9 en cours de route.<\/p>\n<p><a href=\"http:\/\/larsautourdumonde.blogspot.ch\/\" target=\"_blank\" rel=\"noopener\"><img loading=\"lazy\" decoding=\"async\" class=\"aligncenter size-full wp-image-51\" src=\"https:\/\/www.larskophal.ch\/press\/wp-content\/uploads\/2013\/05\/autourdumonde.jpg\" alt=\"autourdumonde\" width=\"672\" height=\"113\" srcset=\"https:\/\/www.larskophal.ch\/press\/wp-content\/uploads\/2013\/05\/autourdumonde.jpg 672w, https:\/\/www.larskophal.ch\/press\/wp-content\/uploads\/2013\/05\/autourdumonde-300x50.jpg 300w, https:\/\/www.larskophal.ch\/press\/wp-content\/uploads\/2013\/05\/autourdumonde-500x84.jpg 500w\" sizes=\"auto, (max-width: 672px) 100vw, 672px\" \/><\/a><strong>Egocentrisme eurocentrique: journal d&#8217;un touriste mondial.<\/strong><br \/>\nDe Dahab \u00e0 Luang Prabang, de Bali \u00e0 Buenos Aires, r\u00e9cits d&#8217;une ann\u00e9e (2007) en tongs et chroniques d&#8217;un voyage autour du monde.<\/p>\n","protected":false},"excerpt":{"rendered":"<p>Association romande pour la promotion des musiques neofolk et martial industrial, fond\u00e9e en 2001 en r\u00e9action a l\u2019interdiction du groupe Death In June par la Ville de Lausanne, active jusqu\u2019en 2013. D\u00e9cadence et \u00e9l\u00e9gance, depuis 1993. Des soir\u00e9es dark \u00e0 tendance fetish, inspir\u00e9es de Torture Garden London, ou chacun est pri\u00e9 de laisser sa dignit\u00e9 &hellip;<\/p>\n","protected":false},"author":1,"featured_media":1151,"parent":0,"menu_order":0,"comment_status":"closed","ping_status":"closed","template":"","meta":{"content-type":"","ngg_post_thumbnail":0,"footnotes":""},"class_list":["post-50","page","type-page","status-publish","has-post-thumbnail","hentry"],"yoast_head":"<!-- This site is optimized with the Yoast SEO plugin v26.5 - https:\/\/yoast.com\/wordpress\/plugins\/seo\/ -->\n<title>Liens - Lars Kophal<\/title>\n<meta name=\"description\" content=\"SoleilNoir\/SoNo, La SeXorcisto, Lausanne Bizarre, Elucubrations de voyage.. mes autres sites, blogs et hobbies, pass\u00e9s et pr\u00e9sents.\" \/>\n<meta name=\"robots\" content=\"index, follow, max-snippet:-1, max-image-preview:large, max-video-preview:-1\" \/>\n<link rel=\"canonical\" href=\"https:\/\/www.larskophal.ch\/press\/blogs\/\" \/>\n<meta property=\"og:locale\" content=\"fr_FR\" \/>\n<meta property=\"og:type\" content=\"article\" \/>\n<meta property=\"og:title\" content=\"Liens - Lars Kophal\" \/>\n<meta property=\"og:description\" content=\"SoleilNoir\/SoNo, La SeXorcisto, Lausanne Bizarre, Elucubrations de voyage.. mes autres sites, blogs et hobbies, pass\u00e9s et pr\u00e9sents.\" \/>\n<meta property=\"og:url\" content=\"https:\/\/www.larskophal.ch\/press\/blogs\/\" \/>\n<meta property=\"og:site_name\" content=\"Lars Kophal\" \/>\n<meta property=\"article:modified_time\" content=\"2023-07-31T20:22:50+00:00\" \/>\n<meta property=\"og:image\" content=\"https:\/\/www.larskophal.ch\/press\/wp-content\/uploads\/2021\/12\/wfq4f-e1639251496299.jpg\" \/>\n\t<meta property=\"og:image:width\" content=\"1024\" \/>\n\t<meta property=\"og:image:height\" content=\"289\" \/>\n\t<meta property=\"og:image:type\" content=\"image\/jpeg\" \/>\n<meta name=\"twitter:card\" content=\"summary_large_image\" \/>\n<meta name=\"twitter:label1\" content=\"Dur\u00e9e de lecture estim\u00e9e\" \/>\n\t<meta name=\"twitter:data1\" content=\"2 minutes\" \/>\n<script type=\"application\/ld+json\" class=\"yoast-schema-graph\">{\"@context\":\"https:\/\/schema.org\",\"@graph\":[{\"@type\":\"WebPage\",\"@id\":\"https:\/\/www.larskophal.ch\/press\/blogs\/\",\"url\":\"https:\/\/www.larskophal.ch\/press\/blogs\/\",\"name\":\"Liens - Lars Kophal\",\"isPartOf\":{\"@id\":\"https:\/\/www.larskophal.ch\/press\/#website\"},\"primaryImageOfPage\":{\"@id\":\"https:\/\/www.larskophal.ch\/press\/blogs\/#primaryimage\"},\"image\":{\"@id\":\"https:\/\/www.larskophal.ch\/press\/blogs\/#primaryimage\"},\"thumbnailUrl\":\"https:\/\/www.larskophal.ch\/press\/wp-content\/uploads\/2021\/12\/wfq4f-e1639251496299.jpg\",\"datePublished\":\"2013-05-08T11:30:28+00:00\",\"dateModified\":\"2023-07-31T20:22:50+00:00\",\"description\":\"SoleilNoir\/SoNo, La SeXorcisto, Lausanne Bizarre, Elucubrations de voyage.. mes autres sites, blogs et hobbies, pass\u00e9s et pr\u00e9sents.\",\"breadcrumb\":{\"@id\":\"https:\/\/www.larskophal.ch\/press\/blogs\/#breadcrumb\"},\"inLanguage\":\"fr-FR\",\"potentialAction\":[{\"@type\":\"ReadAction\",\"target\":[\"https:\/\/www.larskophal.ch\/press\/blogs\/\"]}]},{\"@type\":\"ImageObject\",\"inLanguage\":\"fr-FR\",\"@id\":\"https:\/\/www.larskophal.ch\/press\/blogs\/#primaryimage\",\"url\":\"https:\/\/www.larskophal.ch\/press\/wp-content\/uploads\/2021\/12\/wfq4f-e1639251496299.jpg\",\"contentUrl\":\"https:\/\/www.larskophal.ch\/press\/wp-content\/uploads\/2021\/12\/wfq4f-e1639251496299.jpg\",\"width\":1024,\"height\":289},{\"@type\":\"BreadcrumbList\",\"@id\":\"https:\/\/www.larskophal.ch\/press\/blogs\/#breadcrumb\",\"itemListElement\":[{\"@type\":\"ListItem\",\"position\":1,\"name\":\"Accueil\",\"item\":\"https:\/\/www.larskophal.ch\/press\/\"},{\"@type\":\"ListItem\",\"position\":2,\"name\":\"Liens\"}]},{\"@type\":\"WebSite\",\"@id\":\"https:\/\/www.larskophal.ch\/press\/#website\",\"url\":\"https:\/\/www.larskophal.ch\/press\/\",\"name\":\"Lars Kophal\",\"description\":\"le journalisme, l&#039;enseignement, les voyages et moi.\",\"publisher\":{\"@id\":\"https:\/\/www.larskophal.ch\/press\/#\/schema\/person\/e39cd1f07abd3115c360cc70d526b144\"},\"potentialAction\":[{\"@type\":\"SearchAction\",\"target\":{\"@type\":\"EntryPoint\",\"urlTemplate\":\"https:\/\/www.larskophal.ch\/press\/?s={search_term_string}\"},\"query-input\":{\"@type\":\"PropertyValueSpecification\",\"valueRequired\":true,\"valueName\":\"search_term_string\"}}],\"inLanguage\":\"fr-FR\"},{\"@type\":[\"Person\",\"Organization\"],\"@id\":\"https:\/\/www.larskophal.ch\/press\/#\/schema\/person\/e39cd1f07abd3115c360cc70d526b144\",\"name\":\"Lars Kophal\",\"image\":{\"@type\":\"ImageObject\",\"inLanguage\":\"fr-FR\",\"@id\":\"https:\/\/www.larskophal.ch\/press\/#\/schema\/person\/image\/\",\"url\":\"https:\/\/www.larskophal.ch\/press\/wp-content\/uploads\/2021\/10\/Minimalist-Circle-Letter-J-Logo.png\",\"contentUrl\":\"https:\/\/www.larskophal.ch\/press\/wp-content\/uploads\/2021\/10\/Minimalist-Circle-Letter-J-Logo.png\",\"width\":750,\"height\":750,\"caption\":\"Lars Kophal\"},\"logo\":{\"@id\":\"https:\/\/www.larskophal.ch\/press\/#\/schema\/person\/image\/\"},\"description\":\"Swiss journalist, author, party organizer and renegade.\",\"sameAs\":[\"https:\/\/www.larskophal.ch\",\"https:\/\/www.instagram.com\/larskophal\",\"https:\/\/www.linkedin.com\/in\/lkophal\/\",\"https:\/\/www.youtube.com\/channel\/UCcKvhhAX9AXtz0i5d5Qq9NQ\"]}]}<\/script>\n<!-- \/ Yoast SEO plugin. -->","yoast_head_json":{"title":"Liens - Lars Kophal","description":"SoleilNoir\/SoNo, La SeXorcisto, Lausanne Bizarre, Elucubrations de voyage.. mes autres sites, blogs et hobbies, pass\u00e9s et pr\u00e9sents.","robots":{"index":"index","follow":"follow","max-snippet":"max-snippet:-1","max-image-preview":"max-image-preview:large","max-video-preview":"max-video-preview:-1"},"canonical":"https:\/\/www.larskophal.ch\/press\/blogs\/","og_locale":"fr_FR","og_type":"article","og_title":"Liens - Lars Kophal","og_description":"SoleilNoir\/SoNo, La SeXorcisto, Lausanne Bizarre, Elucubrations de voyage.. mes autres sites, blogs et hobbies, pass\u00e9s et pr\u00e9sents.","og_url":"https:\/\/www.larskophal.ch\/press\/blogs\/","og_site_name":"Lars Kophal","article_modified_time":"2023-07-31T20:22:50+00:00","og_image":[{"width":1024,"height":289,"url":"https:\/\/www.larskophal.ch\/press\/wp-content\/uploads\/2021\/12\/wfq4f-e1639251496299.jpg","type":"image\/jpeg"}],"twitter_card":"summary_large_image","twitter_misc":{"Dur\u00e9e de lecture estim\u00e9e":"2 minutes"},"schema":{"@context":"https:\/\/schema.org","@graph":[{"@type":"WebPage","@id":"https:\/\/www.larskophal.ch\/press\/blogs\/","url":"https:\/\/www.larskophal.ch\/press\/blogs\/","name":"Liens - Lars Kophal","isPartOf":{"@id":"https:\/\/www.larskophal.ch\/press\/#website"},"primaryImageOfPage":{"@id":"https:\/\/www.larskophal.ch\/press\/blogs\/#primaryimage"},"image":{"@id":"https:\/\/www.larskophal.ch\/press\/blogs\/#primaryimage"},"thumbnailUrl":"https:\/\/www.larskophal.ch\/press\/wp-content\/uploads\/2021\/12\/wfq4f-e1639251496299.jpg","datePublished":"2013-05-08T11:30:28+00:00","dateModified":"2023-07-31T20:22:50+00:00","description":"SoleilNoir\/SoNo, La SeXorcisto, Lausanne Bizarre, Elucubrations de voyage.. mes autres sites, blogs et hobbies, pass\u00e9s et pr\u00e9sents.","breadcrumb":{"@id":"https:\/\/www.larskophal.ch\/press\/blogs\/#breadcrumb"},"inLanguage":"fr-FR","potentialAction":[{"@type":"ReadAction","target":["https:\/\/www.larskophal.ch\/press\/blogs\/"]}]},{"@type":"ImageObject","inLanguage":"fr-FR","@id":"https:\/\/www.larskophal.ch\/press\/blogs\/#primaryimage","url":"https:\/\/www.larskophal.ch\/press\/wp-content\/uploads\/2021\/12\/wfq4f-e1639251496299.jpg","contentUrl":"https:\/\/www.larskophal.ch\/press\/wp-content\/uploads\/2021\/12\/wfq4f-e1639251496299.jpg","width":1024,"height":289},{"@type":"BreadcrumbList","@id":"https:\/\/www.larskophal.ch\/press\/blogs\/#breadcrumb","itemListElement":[{"@type":"ListItem","position":1,"name":"Accueil","item":"https:\/\/www.larskophal.ch\/press\/"},{"@type":"ListItem","position":2,"name":"Liens"}]},{"@type":"WebSite","@id":"https:\/\/www.larskophal.ch\/press\/#website","url":"https:\/\/www.larskophal.ch\/press\/","name":"Lars Kophal","description":"le journalisme, l&#039;enseignement, les voyages et moi.","publisher":{"@id":"https:\/\/www.larskophal.ch\/press\/#\/schema\/person\/e39cd1f07abd3115c360cc70d526b144"},"potentialAction":[{"@type":"SearchAction","target":{"@type":"EntryPoint","urlTemplate":"https:\/\/www.larskophal.ch\/press\/?s={search_term_string}"},"query-input":{"@type":"PropertyValueSpecification","valueRequired":true,"valueName":"search_term_string"}}],"inLanguage":"fr-FR"},{"@type":["Person","Organization"],"@id":"https:\/\/www.larskophal.ch\/press\/#\/schema\/person\/e39cd1f07abd3115c360cc70d526b144","name":"Lars Kophal","image":{"@type":"ImageObject","inLanguage":"fr-FR","@id":"https:\/\/www.larskophal.ch\/press\/#\/schema\/person\/image\/","url":"https:\/\/www.larskophal.ch\/press\/wp-content\/uploads\/2021\/10\/Minimalist-Circle-Letter-J-Logo.png","contentUrl":"https:\/\/www.larskophal.ch\/press\/wp-content\/uploads\/2021\/10\/Minimalist-Circle-Letter-J-Logo.png","width":750,"height":750,"caption":"Lars Kophal"},"logo":{"@id":"https:\/\/www.larskophal.ch\/press\/#\/schema\/person\/image\/"},"description":"Swiss journalist, author, party organizer and renegade.","sameAs":["https:\/\/www.larskophal.ch","https:\/\/www.instagram.com\/larskophal","https:\/\/www.linkedin.com\/in\/lkophal\/","https:\/\/www.youtube.com\/channel\/UCcKvhhAX9AXtz0i5d5Qq9NQ"]}]}},"_links":{"self":[{"href":"https:\/\/www.larskophal.ch\/press\/wp-json\/wp\/v2\/pages\/50","targetHints":{"allow":["GET"]}}],"collection":[{"href":"https:\/\/www.larskophal.ch\/press\/wp-json\/wp\/v2\/pages"}],"about":[{"href":"https:\/\/www.larskophal.ch\/press\/wp-json\/wp\/v2\/types\/page"}],"author":[{"embeddable":true,"href":"https:\/\/www.larskophal.ch\/press\/wp-json\/wp\/v2\/users\/1"}],"replies":[{"embeddable":true,"href":"https:\/\/www.larskophal.ch\/press\/wp-json\/wp\/v2\/comments?post=50"}],"version-history":[{"count":9,"href":"https:\/\/www.larskophal.ch\/press\/wp-json\/wp\/v2\/pages\/50\/revisions"}],"predecessor-version":[{"id":1689,"href":"https:\/\/www.larskophal.ch\/press\/wp-json\/wp\/v2\/pages\/50\/revisions\/1689"}],"wp:featuredmedia":[{"embeddable":true,"href":"https:\/\/www.larskophal.ch\/press\/wp-json\/wp\/v2\/media\/1151"}],"wp:attachment":[{"href":"https:\/\/www.larskophal.ch\/press\/wp-json\/wp\/v2\/media?parent=50"}],"curies":[{"name":"wp","href":"https:\/\/api.w.org\/{rel}","templated":true}]}}