{"id":394,"date":"2017-03-28T12:54:49","date_gmt":"2017-03-28T10:54:49","guid":{"rendered":"https:\/\/www.larskophal.ch\/press\/?page_id=394"},"modified":"2023-07-31T22:50:32","modified_gmt":"2023-07-31T20:50:32","slug":"gothicromandie","status":"publish","type":"page","link":"https:\/\/www.larskophal.ch\/press\/gothicromandie\/","title":{"rendered":"Gothic Romandie"},"content":{"rendered":"<p><img loading=\"lazy\" decoding=\"async\" class=\"aligncenter size-full wp-image-638\" src=\"https:\/\/www.larskophal.ch\/press\/wp-content\/uploads\/2018\/09\/gothcover.jpg\" alt=\"\" width=\"647\" height=\"875\" srcset=\"https:\/\/www.larskophal.ch\/press\/wp-content\/uploads\/2018\/09\/gothcover.jpg 647w, https:\/\/www.larskophal.ch\/press\/wp-content\/uploads\/2018\/09\/gothcover-222x300.jpg 222w\" sizes=\"auto, (max-width: 647px) 100vw, 647px\" \/><\/p>\n<p><strong>&nbsp;Gothic Romandie<\/strong> est le premier ouvrage consacr\u00e9 au milieu new wave \/ dark \/ goth en Suisse francophone entre le milieu des ann\u00e9es 1980 et la fin des ann\u00e9es 1990.<br \/>\nAutour d&#8217;interviews d&#8217;acteurs et de t\u00e9moins privil\u00e9gi\u00e9s de cette p\u00e9riode: musiciens, djs, organisateurs de soir\u00e9es et de concerts, \u00e9diteurs de fanzines, artistes, personnalit\u00e9s\u2026, <strong>Gothic Romandie<\/strong> propose un tour d&#8217;horizon complet et un bilan d&#8217;un ph\u00e9nom\u00e8ne trop longtemps n\u00e9glig\u00e9, illustr\u00e9 de nombreuses photos in\u00e9dites, de reproductions de flyers, affiches et fanzines d&#8217;\u00e9poque, publi\u00e9es pour la premi\u00e8re fois.<br \/>\nParu en novembre 2017 aux \u00e9ditions de <a href=\"https:\/\/www.lagedhomme.com\" target=\"_blank\" rel=\"noopener noreferrer\">L&#8217;Age d&#8217;Homme<\/a>, Lausanne.<\/p>\n<p style=\"text-align: left;\"><em><strong>Gothic Romandie<\/strong> is the first book dedicated to the new wave \/ dark \/ goth scene in Western (French) Switzerland between the mid-1980\u2032s and the end of the 1990\u2032s. The book is built around numerous interviews of actors and witnesses of that peculiar scene and time period: musicians, djs, parties and concerts promoters, fanzines publishers, artists, personalities\u2026 and presents a complete panorama and an overdue appraisal of a movement that has remained neglected for too long. <strong>Gothic Romandie<\/strong> is illustrated with numerous never-seen-before pictures, portraits, flyers, posters and fanzines, all published for the first time ever.<\/em><br \/>\n<em> Published by <a href=\"https:\/\/www.lagedhomme.com\" target=\"_blank\" rel=\"noopener noreferrer\">L&#8217;Age d&#8217;Homme<\/a>, Lausanne, November 2017.<\/em><\/p>\n<div style=\"position: relative; height: 0; padding-bottom: 56.25%;\"><iframe loading=\"lazy\" style=\"position: absolute; width: 100%; height: 100%; left: 0;\" src=\"https:\/\/www.youtube.com\/embed\/BtdMF2RwOnc?ecver=2\" allowfullscreen=\"allowfullscreen\" width=\"640\" height=\"360\" frameborder=\"0\"><\/iframe><\/div>\n<div>&nbsp;<\/div>\n<div>\n<div id='gallery-1' class='gallery galleryid-394 gallery-columns-3 gallery-size-thumbnail'><figure class='gallery-item'>\n\t\t\t<div class='gallery-icon landscape'>\n\t\t\t\t<a href='https:\/\/www.larskophal.ch\/press\/wp-content\/uploads\/2018\/09\/gothic_couv.png'><img loading=\"lazy\" decoding=\"async\" width=\"150\" height=\"150\" src=\"https:\/\/www.larskophal.ch\/press\/wp-content\/uploads\/2018\/09\/gothic_couv-150x150.png\" class=\"attachment-thumbnail size-thumbnail\" alt=\"\" \/><\/a>\n\t\t\t<\/div><\/figure><figure class='gallery-item'>\n\t\t\t<div class='gallery-icon landscape'>\n\t\t\t\t<a href='https:\/\/www.larskophal.ch\/press\/wp-content\/uploads\/2018\/09\/gothic_4e.png'><img loading=\"lazy\" decoding=\"async\" width=\"150\" height=\"150\" src=\"https:\/\/www.larskophal.ch\/press\/wp-content\/uploads\/2018\/09\/gothic_4e-150x150.png\" class=\"attachment-thumbnail size-thumbnail\" alt=\"\" \/><\/a>\n\t\t\t<\/div><\/figure><figure class='gallery-item'>\n\t\t\t<div class='gallery-icon landscape'>\n\t\t\t\t<a href='https:\/\/www.larskophal.ch\/press\/wp-content\/uploads\/2018\/09\/gothic_dos.png'><img loading=\"lazy\" decoding=\"async\" width=\"150\" height=\"150\" src=\"https:\/\/www.larskophal.ch\/press\/wp-content\/uploads\/2018\/09\/gothic_dos-150x150.png\" class=\"attachment-thumbnail size-thumbnail\" alt=\"\" \/><\/a>\n\t\t\t<\/div><\/figure><figure class='gallery-item'>\n\t\t\t<div class='gallery-icon portrait'>\n\t\t\t\t<a href='https:\/\/www.larskophal.ch\/press\/wp-content\/uploads\/2018\/09\/22684754_10155769025353879_1247928482_n.jpg'><img loading=\"lazy\" decoding=\"async\" width=\"150\" height=\"150\" src=\"https:\/\/www.larskophal.ch\/press\/wp-content\/uploads\/2018\/09\/22684754_10155769025353879_1247928482_n-150x150.jpg\" class=\"attachment-thumbnail size-thumbnail\" alt=\"\" \/><\/a>\n\t\t\t<\/div><\/figure><figure class='gallery-item'>\n\t\t\t<div class='gallery-icon portrait'>\n\t\t\t\t<a href='https:\/\/www.larskophal.ch\/press\/wp-content\/uploads\/2018\/09\/22554544_10155769026133879_2121441980_n.jpg'><img loading=\"lazy\" decoding=\"async\" width=\"150\" height=\"150\" src=\"https:\/\/www.larskophal.ch\/press\/wp-content\/uploads\/2018\/09\/22554544_10155769026133879_2121441980_n-150x150.jpg\" class=\"attachment-thumbnail size-thumbnail\" alt=\"\" \/><\/a>\n\t\t\t<\/div><\/figure><figure class='gallery-item'>\n\t\t\t<div class='gallery-icon portrait'>\n\t\t\t\t<a href='https:\/\/www.larskophal.ch\/press\/wp-content\/uploads\/2018\/09\/22656303_10155769025978879_975329346_n.jpg'><img loading=\"lazy\" decoding=\"async\" width=\"150\" height=\"150\" src=\"https:\/\/www.larskophal.ch\/press\/wp-content\/uploads\/2018\/09\/22656303_10155769025978879_975329346_n-150x150.jpg\" class=\"attachment-thumbnail size-thumbnail\" alt=\"\" \/><\/a>\n\t\t\t<\/div><\/figure><figure class='gallery-item'>\n\t\t\t<div class='gallery-icon portrait'>\n\t\t\t\t<a href='https:\/\/www.larskophal.ch\/press\/wp-content\/uploads\/2018\/09\/22554704_10155769025848879_68594672_n.jpg'><img loading=\"lazy\" decoding=\"async\" width=\"150\" height=\"150\" src=\"https:\/\/www.larskophal.ch\/press\/wp-content\/uploads\/2018\/09\/22554704_10155769025848879_68594672_n-150x150.jpg\" class=\"attachment-thumbnail size-thumbnail\" alt=\"\" \/><\/a>\n\t\t\t<\/div><\/figure><figure class='gallery-item'>\n\t\t\t<div class='gallery-icon portrait'>\n\t\t\t\t<a href='https:\/\/www.larskophal.ch\/press\/wp-content\/uploads\/2018\/09\/22627490_10155769025853879_847351353_n.jpg'><img loading=\"lazy\" decoding=\"async\" width=\"150\" height=\"150\" src=\"https:\/\/www.larskophal.ch\/press\/wp-content\/uploads\/2018\/09\/22627490_10155769025853879_847351353_n-150x150.jpg\" class=\"attachment-thumbnail size-thumbnail\" alt=\"\" \/><\/a>\n\t\t\t<\/div><\/figure><figure class='gallery-item'>\n\t\t\t<div class='gallery-icon portrait'>\n\t\t\t\t<a href='https:\/\/www.larskophal.ch\/press\/wp-content\/uploads\/2018\/09\/22627642_10155769025708879_1785004135_n.jpg'><img loading=\"lazy\" decoding=\"async\" width=\"150\" height=\"150\" src=\"https:\/\/www.larskophal.ch\/press\/wp-content\/uploads\/2018\/09\/22627642_10155769025708879_1785004135_n-150x150.jpg\" class=\"attachment-thumbnail size-thumbnail\" alt=\"\" \/><\/a>\n\t\t\t<\/div><\/figure><figure class='gallery-item'>\n\t\t\t<div class='gallery-icon portrait'>\n\t\t\t\t<a href='https:\/\/www.larskophal.ch\/press\/wp-content\/uploads\/2018\/09\/22635256_10155769025703879_596788306_n.jpg'><img loading=\"lazy\" decoding=\"async\" width=\"150\" height=\"150\" src=\"https:\/\/www.larskophal.ch\/press\/wp-content\/uploads\/2018\/09\/22635256_10155769025703879_596788306_n-150x150.jpg\" class=\"attachment-thumbnail size-thumbnail\" alt=\"\" \/><\/a>\n\t\t\t<\/div><\/figure><figure class='gallery-item'>\n\t\t\t<div class='gallery-icon portrait'>\n\t\t\t\t<a href='https:\/\/www.larskophal.ch\/press\/wp-content\/uploads\/2018\/09\/FB_IMG_1510007785457.jpg'><img loading=\"lazy\" decoding=\"async\" width=\"150\" height=\"150\" src=\"https:\/\/www.larskophal.ch\/press\/wp-content\/uploads\/2018\/09\/FB_IMG_1510007785457-150x150.jpg\" class=\"attachment-thumbnail size-thumbnail\" alt=\"\" \/><\/a>\n\t\t\t<\/div><\/figure><figure class='gallery-item'>\n\t\t\t<div class='gallery-icon portrait'>\n\t\t\t\t<a href='https:\/\/www.larskophal.ch\/press\/wp-content\/uploads\/2018\/09\/IMG_20171030_120224-1.jpg'><img loading=\"lazy\" decoding=\"async\" width=\"150\" height=\"150\" src=\"https:\/\/www.larskophal.ch\/press\/wp-content\/uploads\/2018\/09\/IMG_20171030_120224-1-150x150.jpg\" class=\"attachment-thumbnail size-thumbnail\" alt=\"\" \/><\/a>\n\t\t\t<\/div><\/figure>\n\t\t<\/div>\n\n<\/div>\n<p style=\"text-align: left;\"><a href=\"http:\/\/www.gothicromandie.ch\" target=\"_blank\" rel=\"noopener noreferrer\"><img loading=\"lazy\" decoding=\"async\" class=\"aligncenter wp-image-492\" src=\"https:\/\/www.larskophal.ch\/press\/wp-content\/uploads\/2017\/03\/site-150x150.jpg\" alt=\"\" width=\"50\" height=\"50\" srcset=\"https:\/\/www.larskophal.ch\/press\/wp-content\/uploads\/2017\/03\/site-150x150.jpg 150w, https:\/\/www.larskophal.ch\/press\/wp-content\/uploads\/2017\/03\/site.jpg 167w\" sizes=\"auto, (max-width: 50px) 100vw, 50px\" \/><\/a><a href=\"http:\/\/gothrom.tumblr.com\" target=\"_blank\" rel=\"noopener noreferrer\"><img loading=\"lazy\" decoding=\"async\" class=\"aligncenter wp-image-602\" src=\"https:\/\/www.larskophal.ch\/press\/wp-content\/uploads\/2017\/03\/tumblr.png\" alt=\"\" width=\"50\" height=\"50\" srcset=\"https:\/\/www.larskophal.ch\/press\/wp-content\/uploads\/2017\/03\/tumblr.png 224w, https:\/\/www.larskophal.ch\/press\/wp-content\/uploads\/2017\/03\/tumblr-150x150.png 150w\" sizes=\"auto, (max-width: 50px) 100vw, 50px\" \/><\/a><\/p>\n<p style=\"text-align: center;\"><a href=\"https:\/\/www.facebook.com\/gothicromandie\/\" target=\"_blank\" rel=\"noopener noreferrer\"><img loading=\"lazy\" decoding=\"async\" class=\"wp-image-490 aligncenter\" src=\"https:\/\/www.larskophal.ch\/press\/wp-content\/uploads\/2017\/03\/f-150x150.jpg\" alt=\"\" width=\"51\" height=\"50\" srcset=\"https:\/\/www.larskophal.ch\/press\/wp-content\/uploads\/2017\/03\/f-150x150.jpg 150w, https:\/\/www.larskophal.ch\/press\/wp-content\/uploads\/2017\/03\/f.jpg 298w\" sizes=\"auto, (max-width: 51px) 100vw, 51px\" \/><\/a><a href=\"https:\/\/www.instagram.com\/gothromandie\/\"><img loading=\"lazy\" decoding=\"async\" class=\"aligncenter wp-image-491\" src=\"https:\/\/www.larskophal.ch\/press\/wp-content\/uploads\/2017\/03\/i-150x150.jpg\" alt=\"\" width=\"50\" height=\"50\" srcset=\"https:\/\/www.larskophal.ch\/press\/wp-content\/uploads\/2017\/03\/i-150x150.jpg 150w, https:\/\/www.larskophal.ch\/press\/wp-content\/uploads\/2017\/03\/i-300x300.jpg 300w, https:\/\/www.larskophal.ch\/press\/wp-content\/uploads\/2017\/03\/i.jpg 411w\" sizes=\"auto, (max-width: 50px) 100vw, 50px\" \/><\/a><a href=\"http:\/\/www.gothicromandie.ch\"><br \/>\n<\/a><\/p>\n<p><img loading=\"lazy\" decoding=\"async\" class=\"aligncenter size-full wp-image-482\" src=\"https:\/\/www.larskophal.ch\/press\/wp-content\/uploads\/2017\/03\/gothrom.jpg\" alt=\"\" width=\"764\" height=\"540\" srcset=\"https:\/\/www.larskophal.ch\/press\/wp-content\/uploads\/2017\/03\/gothrom.jpg 764w, https:\/\/www.larskophal.ch\/press\/wp-content\/uploads\/2017\/03\/gothrom-300x212.jpg 300w, https:\/\/www.larskophal.ch\/press\/wp-content\/uploads\/2017\/03\/gothrom-424x300.jpg 424w\" sizes=\"auto, (max-width: 764px) 100vw, 764px\" \/><\/p>\n<p><img loading=\"lazy\" decoding=\"async\" class=\"aligncenter size-full wp-image-488\" src=\"https:\/\/www.larskophal.ch\/press\/wp-content\/uploads\/2017\/03\/gothrom3.png\" alt=\"\" width=\"674\" height=\"952\" srcset=\"https:\/\/www.larskophal.ch\/press\/wp-content\/uploads\/2017\/03\/gothrom3.png 674w, https:\/\/www.larskophal.ch\/press\/wp-content\/uploads\/2017\/03\/gothrom3-212x300.png 212w\" sizes=\"auto, (max-width: 674px) 100vw, 674px\" \/><\/p>\n","protected":false},"excerpt":{"rendered":"<p>&nbsp;Gothic Romandie est le premier ouvrage consacr\u00e9 au milieu new wave \/ dark \/ goth en Suisse francophone entre le milieu des ann\u00e9es 1980 et la fin des ann\u00e9es 1990. Autour d&#8217;interviews d&#8217;acteurs et de t\u00e9moins privil\u00e9gi\u00e9s de cette p\u00e9riode: musiciens, djs, organisateurs de soir\u00e9es et de concerts, \u00e9diteurs de fanzines, artistes, personnalit\u00e9s\u2026, Gothic Romandie &hellip;<\/p>\n","protected":false},"author":1,"featured_media":872,"parent":0,"menu_order":0,"comment_status":"closed","ping_status":"closed","template":"","meta":{"content-type":"","ngg_post_thumbnail":0,"footnotes":""},"class_list":["post-394","page","type-page","status-publish","has-post-thumbnail","hentry"],"yoast_head":"<!-- This site is optimized with the Yoast SEO plugin v26.5 - https:\/\/yoast.com\/wordpress\/plugins\/seo\/ -->\n<title>Gothic Romandie<\/title>\n<meta name=\"description\" content=\"Gothic Romandie. An era. A scene. A book. To be published november 2017 by L&#039;Age d&#039;Homme.\" \/>\n<meta name=\"robots\" content=\"index, follow, max-snippet:-1, max-image-preview:large, max-video-preview:-1\" \/>\n<link rel=\"canonical\" href=\"https:\/\/www.larskophal.ch\/press\/gothicromandie\/\" \/>\n<meta property=\"og:locale\" content=\"fr_FR\" \/>\n<meta property=\"og:type\" content=\"article\" \/>\n<meta property=\"og:title\" content=\"Gothic Romandie\" \/>\n<meta property=\"og:description\" content=\"Gothic Romandie. An era. A scene. A book. To be published november 2017 by L&#039;Age d&#039;Homme.\" \/>\n<meta property=\"og:url\" content=\"https:\/\/www.larskophal.ch\/press\/gothicromandie\/\" \/>\n<meta property=\"og:site_name\" content=\"Lars Kophal\" \/>\n<meta property=\"article:modified_time\" content=\"2023-07-31T20:50:32+00:00\" \/>\n<meta property=\"og:image\" content=\"https:\/\/www.larskophal.ch\/press\/wp-content\/uploads\/2020\/09\/cropped-cropped-cropped-gothcover.jpg\" \/>\n\t<meta property=\"og:image:width\" content=\"1000\" \/>\n\t<meta property=\"og:image:height\" content=\"288\" \/>\n\t<meta property=\"og:image:type\" content=\"image\/jpeg\" \/>\n<meta name=\"twitter:card\" content=\"summary_large_image\" \/>\n<meta name=\"twitter:label1\" content=\"Dur\u00e9e de lecture estim\u00e9e\" \/>\n\t<meta name=\"twitter:data1\" content=\"3 minutes\" \/>\n<script type=\"application\/ld+json\" class=\"yoast-schema-graph\">{\"@context\":\"https:\/\/schema.org\",\"@graph\":[{\"@type\":\"WebPage\",\"@id\":\"https:\/\/www.larskophal.ch\/press\/gothicromandie\/\",\"url\":\"https:\/\/www.larskophal.ch\/press\/gothicromandie\/\",\"name\":\"Gothic Romandie\",\"isPartOf\":{\"@id\":\"https:\/\/www.larskophal.ch\/press\/#website\"},\"primaryImageOfPage\":{\"@id\":\"https:\/\/www.larskophal.ch\/press\/gothicromandie\/#primaryimage\"},\"image\":{\"@id\":\"https:\/\/www.larskophal.ch\/press\/gothicromandie\/#primaryimage\"},\"thumbnailUrl\":\"https:\/\/www.larskophal.ch\/press\/wp-content\/uploads\/2020\/09\/cropped-cropped-cropped-gothcover.jpg\",\"datePublished\":\"2017-03-28T10:54:49+00:00\",\"dateModified\":\"2023-07-31T20:50:32+00:00\",\"description\":\"Gothic Romandie. An era. A scene. A book. To be published november 2017 by L'Age d'Homme.\",\"breadcrumb\":{\"@id\":\"https:\/\/www.larskophal.ch\/press\/gothicromandie\/#breadcrumb\"},\"inLanguage\":\"fr-FR\",\"potentialAction\":[{\"@type\":\"ReadAction\",\"target\":[\"https:\/\/www.larskophal.ch\/press\/gothicromandie\/\"]}]},{\"@type\":\"ImageObject\",\"inLanguage\":\"fr-FR\",\"@id\":\"https:\/\/www.larskophal.ch\/press\/gothicromandie\/#primaryimage\",\"url\":\"https:\/\/www.larskophal.ch\/press\/wp-content\/uploads\/2020\/09\/cropped-cropped-cropped-gothcover.jpg\",\"contentUrl\":\"https:\/\/www.larskophal.ch\/press\/wp-content\/uploads\/2020\/09\/cropped-cropped-cropped-gothcover.jpg\",\"width\":1000,\"height\":288},{\"@type\":\"BreadcrumbList\",\"@id\":\"https:\/\/www.larskophal.ch\/press\/gothicromandie\/#breadcrumb\",\"itemListElement\":[{\"@type\":\"ListItem\",\"position\":1,\"name\":\"Accueil\",\"item\":\"https:\/\/www.larskophal.ch\/press\/\"},{\"@type\":\"ListItem\",\"position\":2,\"name\":\"Gothic Romandie\"}]},{\"@type\":\"WebSite\",\"@id\":\"https:\/\/www.larskophal.ch\/press\/#website\",\"url\":\"https:\/\/www.larskophal.ch\/press\/\",\"name\":\"Lars Kophal\",\"description\":\"le journalisme, l&#039;enseignement, les voyages et moi.\",\"publisher\":{\"@id\":\"https:\/\/www.larskophal.ch\/press\/#\/schema\/person\/e39cd1f07abd3115c360cc70d526b144\"},\"potentialAction\":[{\"@type\":\"SearchAction\",\"target\":{\"@type\":\"EntryPoint\",\"urlTemplate\":\"https:\/\/www.larskophal.ch\/press\/?s={search_term_string}\"},\"query-input\":{\"@type\":\"PropertyValueSpecification\",\"valueRequired\":true,\"valueName\":\"search_term_string\"}}],\"inLanguage\":\"fr-FR\"},{\"@type\":[\"Person\",\"Organization\"],\"@id\":\"https:\/\/www.larskophal.ch\/press\/#\/schema\/person\/e39cd1f07abd3115c360cc70d526b144\",\"name\":\"Lars Kophal\",\"image\":{\"@type\":\"ImageObject\",\"inLanguage\":\"fr-FR\",\"@id\":\"https:\/\/www.larskophal.ch\/press\/#\/schema\/person\/image\/\",\"url\":\"https:\/\/www.larskophal.ch\/press\/wp-content\/uploads\/2021\/10\/Minimalist-Circle-Letter-J-Logo.png\",\"contentUrl\":\"https:\/\/www.larskophal.ch\/press\/wp-content\/uploads\/2021\/10\/Minimalist-Circle-Letter-J-Logo.png\",\"width\":750,\"height\":750,\"caption\":\"Lars Kophal\"},\"logo\":{\"@id\":\"https:\/\/www.larskophal.ch\/press\/#\/schema\/person\/image\/\"},\"description\":\"Swiss journalist, author, party organizer and renegade.\",\"sameAs\":[\"https:\/\/www.larskophal.ch\",\"https:\/\/www.instagram.com\/larskophal\",\"https:\/\/www.linkedin.com\/in\/lkophal\/\",\"https:\/\/www.youtube.com\/channel\/UCcKvhhAX9AXtz0i5d5Qq9NQ\"]}]}<\/script>\n<!-- \/ Yoast SEO plugin. -->","yoast_head_json":{"title":"Gothic Romandie","description":"Gothic Romandie. An era. A scene. A book. To be published november 2017 by L'Age d'Homme.","robots":{"index":"index","follow":"follow","max-snippet":"max-snippet:-1","max-image-preview":"max-image-preview:large","max-video-preview":"max-video-preview:-1"},"canonical":"https:\/\/www.larskophal.ch\/press\/gothicromandie\/","og_locale":"fr_FR","og_type":"article","og_title":"Gothic Romandie","og_description":"Gothic Romandie. An era. A scene. A book. To be published november 2017 by L'Age d'Homme.","og_url":"https:\/\/www.larskophal.ch\/press\/gothicromandie\/","og_site_name":"Lars Kophal","article_modified_time":"2023-07-31T20:50:32+00:00","og_image":[{"width":1000,"height":288,"url":"https:\/\/www.larskophal.ch\/press\/wp-content\/uploads\/2020\/09\/cropped-cropped-cropped-gothcover.jpg","type":"image\/jpeg"}],"twitter_card":"summary_large_image","twitter_misc":{"Dur\u00e9e de lecture estim\u00e9e":"3 minutes"},"schema":{"@context":"https:\/\/schema.org","@graph":[{"@type":"WebPage","@id":"https:\/\/www.larskophal.ch\/press\/gothicromandie\/","url":"https:\/\/www.larskophal.ch\/press\/gothicromandie\/","name":"Gothic Romandie","isPartOf":{"@id":"https:\/\/www.larskophal.ch\/press\/#website"},"primaryImageOfPage":{"@id":"https:\/\/www.larskophal.ch\/press\/gothicromandie\/#primaryimage"},"image":{"@id":"https:\/\/www.larskophal.ch\/press\/gothicromandie\/#primaryimage"},"thumbnailUrl":"https:\/\/www.larskophal.ch\/press\/wp-content\/uploads\/2020\/09\/cropped-cropped-cropped-gothcover.jpg","datePublished":"2017-03-28T10:54:49+00:00","dateModified":"2023-07-31T20:50:32+00:00","description":"Gothic Romandie. An era. A scene. A book. To be published november 2017 by L'Age d'Homme.","breadcrumb":{"@id":"https:\/\/www.larskophal.ch\/press\/gothicromandie\/#breadcrumb"},"inLanguage":"fr-FR","potentialAction":[{"@type":"ReadAction","target":["https:\/\/www.larskophal.ch\/press\/gothicromandie\/"]}]},{"@type":"ImageObject","inLanguage":"fr-FR","@id":"https:\/\/www.larskophal.ch\/press\/gothicromandie\/#primaryimage","url":"https:\/\/www.larskophal.ch\/press\/wp-content\/uploads\/2020\/09\/cropped-cropped-cropped-gothcover.jpg","contentUrl":"https:\/\/www.larskophal.ch\/press\/wp-content\/uploads\/2020\/09\/cropped-cropped-cropped-gothcover.jpg","width":1000,"height":288},{"@type":"BreadcrumbList","@id":"https:\/\/www.larskophal.ch\/press\/gothicromandie\/#breadcrumb","itemListElement":[{"@type":"ListItem","position":1,"name":"Accueil","item":"https:\/\/www.larskophal.ch\/press\/"},{"@type":"ListItem","position":2,"name":"Gothic Romandie"}]},{"@type":"WebSite","@id":"https:\/\/www.larskophal.ch\/press\/#website","url":"https:\/\/www.larskophal.ch\/press\/","name":"Lars Kophal","description":"le journalisme, l&#039;enseignement, les voyages et moi.","publisher":{"@id":"https:\/\/www.larskophal.ch\/press\/#\/schema\/person\/e39cd1f07abd3115c360cc70d526b144"},"potentialAction":[{"@type":"SearchAction","target":{"@type":"EntryPoint","urlTemplate":"https:\/\/www.larskophal.ch\/press\/?s={search_term_string}"},"query-input":{"@type":"PropertyValueSpecification","valueRequired":true,"valueName":"search_term_string"}}],"inLanguage":"fr-FR"},{"@type":["Person","Organization"],"@id":"https:\/\/www.larskophal.ch\/press\/#\/schema\/person\/e39cd1f07abd3115c360cc70d526b144","name":"Lars Kophal","image":{"@type":"ImageObject","inLanguage":"fr-FR","@id":"https:\/\/www.larskophal.ch\/press\/#\/schema\/person\/image\/","url":"https:\/\/www.larskophal.ch\/press\/wp-content\/uploads\/2021\/10\/Minimalist-Circle-Letter-J-Logo.png","contentUrl":"https:\/\/www.larskophal.ch\/press\/wp-content\/uploads\/2021\/10\/Minimalist-Circle-Letter-J-Logo.png","width":750,"height":750,"caption":"Lars Kophal"},"logo":{"@id":"https:\/\/www.larskophal.ch\/press\/#\/schema\/person\/image\/"},"description":"Swiss journalist, author, party organizer and renegade.","sameAs":["https:\/\/www.larskophal.ch","https:\/\/www.instagram.com\/larskophal","https:\/\/www.linkedin.com\/in\/lkophal\/","https:\/\/www.youtube.com\/channel\/UCcKvhhAX9AXtz0i5d5Qq9NQ"]}]}},"_links":{"self":[{"href":"https:\/\/www.larskophal.ch\/press\/wp-json\/wp\/v2\/pages\/394","targetHints":{"allow":["GET"]}}],"collection":[{"href":"https:\/\/www.larskophal.ch\/press\/wp-json\/wp\/v2\/pages"}],"about":[{"href":"https:\/\/www.larskophal.ch\/press\/wp-json\/wp\/v2\/types\/page"}],"author":[{"embeddable":true,"href":"https:\/\/www.larskophal.ch\/press\/wp-json\/wp\/v2\/users\/1"}],"replies":[{"embeddable":true,"href":"https:\/\/www.larskophal.ch\/press\/wp-json\/wp\/v2\/comments?post=394"}],"version-history":[{"count":9,"href":"https:\/\/www.larskophal.ch\/press\/wp-json\/wp\/v2\/pages\/394\/revisions"}],"predecessor-version":[{"id":1691,"href":"https:\/\/www.larskophal.ch\/press\/wp-json\/wp\/v2\/pages\/394\/revisions\/1691"}],"wp:featuredmedia":[{"embeddable":true,"href":"https:\/\/www.larskophal.ch\/press\/wp-json\/wp\/v2\/media\/872"}],"wp:attachment":[{"href":"https:\/\/www.larskophal.ch\/press\/wp-json\/wp\/v2\/media?parent=394"}],"curies":[{"name":"wp","href":"https:\/\/api.w.org\/{rel}","templated":true}]}}