{"id":27,"date":"2013-05-08T11:19:12","date_gmt":"2013-05-08T09:19:12","guid":{"rendered":"https:\/\/www.larskophal.ch\/press\/?page_id=27"},"modified":"2017-04-15T15:01:54","modified_gmt":"2017-04-15T13:01:54","slug":"reactor","status":"publish","type":"page","link":"https:\/\/www.larskophal.ch\/press\/presse\/reactor\/","title":{"rendered":"Reactor"},"content":{"rendered":"<p>De 1999 \u00e0 2001, Reactor a \u00e9t\u00e9 le seul bimestriel suisse et ind\u00e9pendant consacr\u00e9 aux musiques amplifi\u00e9es (rock, hip-hop, electronica), aux ph\u00e9nom\u00e8nes de soci\u00e9t\u00e9, aux m\u00e9dias \u00e9lectroniques et \u00e0 l\u2019actualit\u00e9 culturelle et associative.<\/p>\n<p>D\u00e9velopp\u00e9 en partenariat avec les clubs romands, gratuit et francophone dans un premier temps, il est ensuite pass\u00e9 bilingue fran\u00e7ais\/allemand pour \u00eatre distribu\u00e9 nationalement en kiosques, avec un cd offert.<\/p>\n<p>Quinze num\u00e9ros, tirage moyen: 30&#8217;000 exemplaires.<\/p>\n<blockquote><p>&#8220;Reactor made a massive shake up of Swiss press market with a hugely successful magazine talking about music, culture and fashion in a very innovative way, with original angles, alternative concepts and incredible graphic.&#8221;<\/p>\n<div id=\"headline-container\" data-li-template=\"headline\">\n<div id=\"headline\" class=\"editable-item\">\n<p class=\"title\" dir=\"ltr\">Cl\u00e9ment Charles, AllTheContent CEO |&nbsp;ATC Future Medias Chairman<\/p>\n<\/div>\n<\/div>\n<\/blockquote>\n<p>&nbsp;<\/p>\n<p><em>From 1999 till 2001, Reactor was the one and only Swiss bimonthly devoted to loud music (rock, hip-hop, electronica), societal phenomenons, electronic media and cultural &amp; associative news.<\/em><\/p>\n<p><em>Developed in partnership with the clubs and live venues of Western Switzerland, free and in French at first, it then went bilingual French \/ German and was distributed nationally on newsstands, including a free CD.<\/em><\/p>\n<p><em>Fifteen issues, average print: 30&#8217;000 copies.<\/em><\/p>\nngg_shortcode_0_placeholder\n<p>Double-page centrale \/ agenda<br \/>\nngg_shortcode_1_placeholder<\/p>\n<p>&nbsp;<\/p>\n<div data-url=\"https:\/\/issuu.com\/kophal\/docs\/reactor6.compressed\" style=\"width: 640px; height: 453px;\" class=\"issuuembed\"><\/div>\n<p><script type=\"text\/javascript\" src=\"\/\/e.issuu.com\/embed.js\" async=\"true\"><\/script><\/p>\n<div data-url=\"https:\/\/issuu.com\/kophal\/docs\/reactor5\" style=\"width: 640px; height: 453px;\" class=\"issuuembed\"><\/div>\n<p><script type=\"text\/javascript\" src=\"\/\/e.issuu.com\/embed.js\" async=\"true\"><\/script><\/p>\n<div data-url=\"https:\/\/issuu.com\/kophal\/docs\/reactor4.compressed\" style=\"width: 640px; height: 453px;\" class=\"issuuembed\"><\/div>\n<p><script type=\"text\/javascript\" src=\"\/\/e.issuu.com\/embed.js\" async=\"true\"><\/script><\/p>\n<div data-url=\"https:\/\/issuu.com\/kophal\/docs\/reactor3\" style=\"width: 640px; height: 453px;\" class=\"issuuembed\"><\/div>\n<p><script type=\"text\/javascript\" src=\"\/\/e.issuu.com\/embed.js\" async=\"true\"><\/script><\/p>\n<div data-url=\"https:\/\/issuu.com\/kophal\/docs\/reactor_002\" style=\"width: 640px; height: 452px;\" class=\"issuuembed\"><\/div>\n<p><script type=\"text\/javascript\" src=\"\/\/e.issuu.com\/embed.js\" async=\"true\"><\/script><\/p>\n<div data-url=\"https:\/\/issuu.com\/kophal\/docs\/reactor1_01\" style=\"width: 640px; height: 453px;\" class=\"issuuembed\"><\/div>\n<p><script type=\"text\/javascript\" src=\"\/\/e.issuu.com\/embed.js\" async=\"true\"><\/script><\/p>\n<div data-url=\"https:\/\/issuu.com\/kophal\/docs\/reactor\" style=\"width: 640px; height: 448px;\" class=\"issuuembed\"><\/div>\n<p><script type=\"text\/javascript\" src=\"\/\/e.issuu.com\/embed.js\" async=\"true\"><\/script><\/p>\n","protected":false},"excerpt":{"rendered":"<p>De 1999 \u00e0 2001, Reactor a \u00e9t\u00e9 le seul bimestriel suisse et ind\u00e9pendant consacr\u00e9 aux musiques amplifi\u00e9es (rock, hip-hop, electronica), aux ph\u00e9nom\u00e8nes de soci\u00e9t\u00e9, aux m\u00e9dias \u00e9lectroniques et \u00e0 l\u2019actualit\u00e9 culturelle et associative. D\u00e9velopp\u00e9 en partenariat avec les clubs romands, gratuit et francophone dans un premier temps, il est ensuite pass\u00e9 bilingue fran\u00e7ais\/allemand pour \u00eatre &hellip;<\/p>\n","protected":false},"author":1,"featured_media":499,"parent":230,"menu_order":0,"comment_status":"closed","ping_status":"closed","template":"","meta":{"content-type":"","ngg_post_thumbnail":0,"footnotes":""},"class_list":["post-27","page","type-page","status-publish","has-post-thumbnail","hentry"],"yoast_head":"<!-- This site is optimized with the Yoast SEO plugin v26.5 - https:\/\/yoast.com\/wordpress\/plugins\/seo\/ -->\n<title>Reactor - Lars Kophal<\/title>\n<meta name=\"robots\" content=\"index, follow, max-snippet:-1, max-image-preview:large, max-video-preview:-1\" \/>\n<link rel=\"canonical\" href=\"https:\/\/www.larskophal.ch\/press\/presse\/reactor\/\" \/>\n<meta property=\"og:locale\" content=\"fr_FR\" \/>\n<meta property=\"og:type\" content=\"article\" \/>\n<meta property=\"og:title\" content=\"Reactor - Lars Kophal\" \/>\n<meta property=\"og:description\" content=\"De 1999 \u00e0 2001, Reactor a \u00e9t\u00e9 le seul bimestriel suisse et ind\u00e9pendant consacr\u00e9 aux musiques amplifi\u00e9es (rock, hip-hop, electronica), aux ph\u00e9nom\u00e8nes de soci\u00e9t\u00e9, aux m\u00e9dias \u00e9lectroniques et \u00e0 l\u2019actualit\u00e9 culturelle et associative. D\u00e9velopp\u00e9 en partenariat avec les clubs romands, gratuit et francophone dans un premier temps, il est ensuite pass\u00e9 bilingue fran\u00e7ais\/allemand pour \u00eatre &hellip;\" \/>\n<meta property=\"og:url\" content=\"https:\/\/www.larskophal.ch\/press\/presse\/reactor\/\" \/>\n<meta property=\"og:site_name\" content=\"Lars Kophal\" \/>\n<meta property=\"article:modified_time\" content=\"2017-04-15T13:01:54+00:00\" \/>\n<meta property=\"og:image\" content=\"https:\/\/www.larskophal.ch\/press\/wp-content\/uploads\/2013\/05\/r-1024x318.jpg\" \/>\n\t<meta property=\"og:image:width\" content=\"1024\" \/>\n\t<meta property=\"og:image:height\" content=\"318\" \/>\n\t<meta property=\"og:image:type\" content=\"image\/jpeg\" \/>\n<meta name=\"twitter:card\" content=\"summary_large_image\" \/>\n<meta name=\"twitter:label1\" content=\"Dur\u00e9e de lecture estim\u00e9e\" \/>\n\t<meta name=\"twitter:data1\" content=\"1 minute\" \/>\n<script type=\"application\/ld+json\" class=\"yoast-schema-graph\">{\"@context\":\"https:\/\/schema.org\",\"@graph\":[{\"@type\":\"WebPage\",\"@id\":\"https:\/\/www.larskophal.ch\/press\/presse\/reactor\/\",\"url\":\"https:\/\/www.larskophal.ch\/press\/presse\/reactor\/\",\"name\":\"Reactor - Lars Kophal\",\"isPartOf\":{\"@id\":\"https:\/\/www.larskophal.ch\/press\/#website\"},\"primaryImageOfPage\":{\"@id\":\"https:\/\/www.larskophal.ch\/press\/presse\/reactor\/#primaryimage\"},\"image\":{\"@id\":\"https:\/\/www.larskophal.ch\/press\/presse\/reactor\/#primaryimage\"},\"thumbnailUrl\":\"https:\/\/www.larskophal.ch\/press\/wp-content\/uploads\/2013\/05\/r.jpg\",\"datePublished\":\"2013-05-08T09:19:12+00:00\",\"dateModified\":\"2017-04-15T13:01:54+00:00\",\"breadcrumb\":{\"@id\":\"https:\/\/www.larskophal.ch\/press\/presse\/reactor\/#breadcrumb\"},\"inLanguage\":\"fr-FR\",\"potentialAction\":[{\"@type\":\"ReadAction\",\"target\":[\"https:\/\/www.larskophal.ch\/press\/presse\/reactor\/\"]}]},{\"@type\":\"ImageObject\",\"inLanguage\":\"fr-FR\",\"@id\":\"https:\/\/www.larskophal.ch\/press\/presse\/reactor\/#primaryimage\",\"url\":\"https:\/\/www.larskophal.ch\/press\/wp-content\/uploads\/2013\/05\/r.jpg\",\"contentUrl\":\"https:\/\/www.larskophal.ch\/press\/wp-content\/uploads\/2013\/05\/r.jpg\",\"width\":4929,\"height\":1533},{\"@type\":\"BreadcrumbList\",\"@id\":\"https:\/\/www.larskophal.ch\/press\/presse\/reactor\/#breadcrumb\",\"itemListElement\":[{\"@type\":\"ListItem\",\"position\":1,\"name\":\"Accueil\",\"item\":\"https:\/\/www.larskophal.ch\/press\/\"},{\"@type\":\"ListItem\",\"position\":2,\"name\":\"Journalisme\",\"item\":\"https:\/\/www.larskophal.ch\/press\/presse\/\"},{\"@type\":\"ListItem\",\"position\":3,\"name\":\"Reactor\"}]},{\"@type\":\"WebSite\",\"@id\":\"https:\/\/www.larskophal.ch\/press\/#website\",\"url\":\"https:\/\/www.larskophal.ch\/press\/\",\"name\":\"Lars Kophal\",\"description\":\"le journalisme, l&#039;enseignement, les voyages et moi.\",\"publisher\":{\"@id\":\"https:\/\/www.larskophal.ch\/press\/#\/schema\/person\/e39cd1f07abd3115c360cc70d526b144\"},\"potentialAction\":[{\"@type\":\"SearchAction\",\"target\":{\"@type\":\"EntryPoint\",\"urlTemplate\":\"https:\/\/www.larskophal.ch\/press\/?s={search_term_string}\"},\"query-input\":{\"@type\":\"PropertyValueSpecification\",\"valueRequired\":true,\"valueName\":\"search_term_string\"}}],\"inLanguage\":\"fr-FR\"},{\"@type\":[\"Person\",\"Organization\"],\"@id\":\"https:\/\/www.larskophal.ch\/press\/#\/schema\/person\/e39cd1f07abd3115c360cc70d526b144\",\"name\":\"Lars Kophal\",\"image\":{\"@type\":\"ImageObject\",\"inLanguage\":\"fr-FR\",\"@id\":\"https:\/\/www.larskophal.ch\/press\/#\/schema\/person\/image\/\",\"url\":\"https:\/\/www.larskophal.ch\/press\/wp-content\/uploads\/2021\/10\/Minimalist-Circle-Letter-J-Logo.png\",\"contentUrl\":\"https:\/\/www.larskophal.ch\/press\/wp-content\/uploads\/2021\/10\/Minimalist-Circle-Letter-J-Logo.png\",\"width\":750,\"height\":750,\"caption\":\"Lars Kophal\"},\"logo\":{\"@id\":\"https:\/\/www.larskophal.ch\/press\/#\/schema\/person\/image\/\"},\"description\":\"Swiss journalist, author, party organizer and renegade.\",\"sameAs\":[\"https:\/\/www.larskophal.ch\",\"https:\/\/www.instagram.com\/larskophal\",\"https:\/\/www.linkedin.com\/in\/lkophal\/\",\"https:\/\/www.youtube.com\/channel\/UCcKvhhAX9AXtz0i5d5Qq9NQ\"]}]}<\/script>\n<!-- \/ Yoast SEO plugin. -->","yoast_head_json":{"title":"Reactor - Lars Kophal","robots":{"index":"index","follow":"follow","max-snippet":"max-snippet:-1","max-image-preview":"max-image-preview:large","max-video-preview":"max-video-preview:-1"},"canonical":"https:\/\/www.larskophal.ch\/press\/presse\/reactor\/","og_locale":"fr_FR","og_type":"article","og_title":"Reactor - Lars Kophal","og_description":"De 1999 \u00e0 2001, Reactor a \u00e9t\u00e9 le seul bimestriel suisse et ind\u00e9pendant consacr\u00e9 aux musiques amplifi\u00e9es (rock, hip-hop, electronica), aux ph\u00e9nom\u00e8nes de soci\u00e9t\u00e9, aux m\u00e9dias \u00e9lectroniques et \u00e0 l\u2019actualit\u00e9 culturelle et associative. D\u00e9velopp\u00e9 en partenariat avec les clubs romands, gratuit et francophone dans un premier temps, il est ensuite pass\u00e9 bilingue fran\u00e7ais\/allemand pour \u00eatre &hellip;","og_url":"https:\/\/www.larskophal.ch\/press\/presse\/reactor\/","og_site_name":"Lars Kophal","article_modified_time":"2017-04-15T13:01:54+00:00","og_image":[{"width":1024,"height":318,"url":"https:\/\/www.larskophal.ch\/press\/wp-content\/uploads\/2013\/05\/r-1024x318.jpg","type":"image\/jpeg"}],"twitter_card":"summary_large_image","twitter_misc":{"Dur\u00e9e de lecture estim\u00e9e":"1 minute"},"schema":{"@context":"https:\/\/schema.org","@graph":[{"@type":"WebPage","@id":"https:\/\/www.larskophal.ch\/press\/presse\/reactor\/","url":"https:\/\/www.larskophal.ch\/press\/presse\/reactor\/","name":"Reactor - Lars Kophal","isPartOf":{"@id":"https:\/\/www.larskophal.ch\/press\/#website"},"primaryImageOfPage":{"@id":"https:\/\/www.larskophal.ch\/press\/presse\/reactor\/#primaryimage"},"image":{"@id":"https:\/\/www.larskophal.ch\/press\/presse\/reactor\/#primaryimage"},"thumbnailUrl":"https:\/\/www.larskophal.ch\/press\/wp-content\/uploads\/2013\/05\/r.jpg","datePublished":"2013-05-08T09:19:12+00:00","dateModified":"2017-04-15T13:01:54+00:00","breadcrumb":{"@id":"https:\/\/www.larskophal.ch\/press\/presse\/reactor\/#breadcrumb"},"inLanguage":"fr-FR","potentialAction":[{"@type":"ReadAction","target":["https:\/\/www.larskophal.ch\/press\/presse\/reactor\/"]}]},{"@type":"ImageObject","inLanguage":"fr-FR","@id":"https:\/\/www.larskophal.ch\/press\/presse\/reactor\/#primaryimage","url":"https:\/\/www.larskophal.ch\/press\/wp-content\/uploads\/2013\/05\/r.jpg","contentUrl":"https:\/\/www.larskophal.ch\/press\/wp-content\/uploads\/2013\/05\/r.jpg","width":4929,"height":1533},{"@type":"BreadcrumbList","@id":"https:\/\/www.larskophal.ch\/press\/presse\/reactor\/#breadcrumb","itemListElement":[{"@type":"ListItem","position":1,"name":"Accueil","item":"https:\/\/www.larskophal.ch\/press\/"},{"@type":"ListItem","position":2,"name":"Journalisme","item":"https:\/\/www.larskophal.ch\/press\/presse\/"},{"@type":"ListItem","position":3,"name":"Reactor"}]},{"@type":"WebSite","@id":"https:\/\/www.larskophal.ch\/press\/#website","url":"https:\/\/www.larskophal.ch\/press\/","name":"Lars Kophal","description":"le journalisme, l&#039;enseignement, les voyages et moi.","publisher":{"@id":"https:\/\/www.larskophal.ch\/press\/#\/schema\/person\/e39cd1f07abd3115c360cc70d526b144"},"potentialAction":[{"@type":"SearchAction","target":{"@type":"EntryPoint","urlTemplate":"https:\/\/www.larskophal.ch\/press\/?s={search_term_string}"},"query-input":{"@type":"PropertyValueSpecification","valueRequired":true,"valueName":"search_term_string"}}],"inLanguage":"fr-FR"},{"@type":["Person","Organization"],"@id":"https:\/\/www.larskophal.ch\/press\/#\/schema\/person\/e39cd1f07abd3115c360cc70d526b144","name":"Lars Kophal","image":{"@type":"ImageObject","inLanguage":"fr-FR","@id":"https:\/\/www.larskophal.ch\/press\/#\/schema\/person\/image\/","url":"https:\/\/www.larskophal.ch\/press\/wp-content\/uploads\/2021\/10\/Minimalist-Circle-Letter-J-Logo.png","contentUrl":"https:\/\/www.larskophal.ch\/press\/wp-content\/uploads\/2021\/10\/Minimalist-Circle-Letter-J-Logo.png","width":750,"height":750,"caption":"Lars Kophal"},"logo":{"@id":"https:\/\/www.larskophal.ch\/press\/#\/schema\/person\/image\/"},"description":"Swiss journalist, author, party organizer and renegade.","sameAs":["https:\/\/www.larskophal.ch","https:\/\/www.instagram.com\/larskophal","https:\/\/www.linkedin.com\/in\/lkophal\/","https:\/\/www.youtube.com\/channel\/UCcKvhhAX9AXtz0i5d5Qq9NQ"]}]}},"_links":{"self":[{"href":"https:\/\/www.larskophal.ch\/press\/wp-json\/wp\/v2\/pages\/27","targetHints":{"allow":["GET"]}}],"collection":[{"href":"https:\/\/www.larskophal.ch\/press\/wp-json\/wp\/v2\/pages"}],"about":[{"href":"https:\/\/www.larskophal.ch\/press\/wp-json\/wp\/v2\/types\/page"}],"author":[{"embeddable":true,"href":"https:\/\/www.larskophal.ch\/press\/wp-json\/wp\/v2\/users\/1"}],"replies":[{"embeddable":true,"href":"https:\/\/www.larskophal.ch\/press\/wp-json\/wp\/v2\/comments?post=27"}],"version-history":[{"count":10,"href":"https:\/\/www.larskophal.ch\/press\/wp-json\/wp\/v2\/pages\/27\/revisions"}],"predecessor-version":[{"id":502,"href":"https:\/\/www.larskophal.ch\/press\/wp-json\/wp\/v2\/pages\/27\/revisions\/502"}],"up":[{"embeddable":true,"href":"https:\/\/www.larskophal.ch\/press\/wp-json\/wp\/v2\/pages\/230"}],"wp:featuredmedia":[{"embeddable":true,"href":"https:\/\/www.larskophal.ch\/press\/wp-json\/wp\/v2\/media\/499"}],"wp:attachment":[{"href":"https:\/\/www.larskophal.ch\/press\/wp-json\/wp\/v2\/media?parent=27"}],"curies":[{"name":"wp","href":"https:\/\/api.w.org\/{rel}","templated":true}]}}