{"id":2,"date":"2012-06-18T11:32:41","date_gmt":"2012-06-18T09:32:41","guid":{"rendered":"https:\/\/www.larskophal.ch\/press\/?page_id=2"},"modified":"2023-07-29T23:18:52","modified_gmt":"2023-07-29T21:18:52","slug":"bio","status":"publish","type":"page","link":"https:\/\/www.larskophal.ch\/press\/bio\/","title":{"rendered":"Qui?"},"content":{"rendered":"<p style=\"text-align: left;\"><img loading=\"lazy\" decoding=\"async\" class=\"size-full wp-image-440 alignnone\" src=\"https:\/\/www.larskophal.ch\/press\/wp-content\/uploads\/2012\/06\/0E55C7E8-F26D-4278-BBC4-FF149800B7DE-e1491272251686.jpg\" alt=\"\" width=\"300\" height=\"300\"><\/p>\n<p style=\"text-align: left;\"><strong>En deux, trois mots&#8230;<\/strong><\/p>\n<p style=\"text-align: left;\">Ancien journaliste RP, titulaire du Certificat d\u2019\u00e9tudes sup\u00e9rieures en journalisme de l\u2019Universit\u00e9 de Neuch\u00e2tel, dipl\u00f4m\u00e9 du Centre romand de formation des journalistes, dipl\u00f4m\u00e9 SAWI en marketing et communication, sauveteur, garde-bains, guide de plong\u00e9e, prof d&#8217;anglais, prof de fran\u00e7ais \u2013 et deux, trois autres choses.<br \/>\nCorrespondant pour de nombreux magazines et quotidiens d\u00e8s 1989, assistant r\u00e9dacteur en chef du magazine <em>7Sky<\/em>, cofondateur et r\u00e9dacteur en chef du magazine <strong><a title=\"Reactor\" href=\"https:\/\/www.larskophal.ch\/press\/bio\/reactor\/\"><em>Reactor<\/em><\/a><\/strong> de 1998 \u00e0 2001, secr\u00e9taire de r\u00e9daction pour <em>24heures<\/em> et responsable de la rubrique \u00abpeople\u00bb de 2001 \u00e0 2007, journaliste ind\u00e9pendant pour l\u2019hebdomadaire <em>Lausanne-Cit\u00e9s<\/em>. Gestionnaire d&#8217;assurances de protection juridique \u00e0 <em>Assista TCS SA<\/em> de 2009 \u00e0 2016. Et deux, trois autres activit\u00e9s&#8230;<br \/>\nEn 2016, j&#8217;ai choisi de tout plaquer et de partir tenter l&#8217;aventure en Asie du Sud-Est. Ce sera les <a href=\"https:\/\/www.larskophal.ch\/press\/category\/philippines\/\">Philippines<\/a>, <a href=\"https:\/\/www.larskophal.ch\/press\/category\/port-barton\/\">Port-Barton<\/a>, et un bar-restaurant, suivi par un<strong> <a href=\"https:\/\/www.instagram.com\/thefoodjeepney\/\" target=\"_blank\" rel=\"noopener noreferrer\">food truck<\/a><\/strong>. Des d\u00e9buts \u00e9videmment difficiles, puis un succ\u00e8s croissant et prometteur, brutalement bris\u00e9 par la pland\u00e9mie de Covid-19. Un retour vers l&#8217;\u00e9crit, en tant que r\u00e9dacteur de contenu et bloggeur pour divers <a href=\"https:\/\/www.jeanuroz.com\/\" target=\"_blank\" rel=\"noopener noreferrer\">sites<\/a>, <a href=\"https:\/\/lechoubrave.fr\/\" target=\"_blank\" rel=\"noopener noreferrer\">magazines<\/a>, et <a href=\"https:\/\/planyourmove.ch\/\" target=\"_blank\" rel=\"noopener noreferrer\">entreprises<\/a>, puis vers le <a href=\"https:\/\/www.swiss-spectator.ch\/\" target=\"_blank\" rel=\"noopener\">social media management<\/a>. Une reconversion dans l&#8217;enseignement du fran\u00e7ais langue \u00e9trang\u00e8re. L&#8217;aventure continue&#8230;<\/p>\n<ul>\n<li><a title=\"CV\" href=\"https:\/\/www.larskophal.ch\/press\/?page_id=15\">mon CV<\/a><\/li>\n<li><a title=\"Reactor\" href=\"https:\/\/www.larskophal.ch\/press\/bio\/reactor\/\">Reactor Magazine<\/a><\/li>\n<\/ul>\n<ul>\n<li><a href=\"https:\/\/www.linkedin.com\/in\/lkophal\" target=\"_blank\" rel=\"noopener noreferrer\">LinkedIn<\/a><\/li>\n<li><a href=\"https:\/\/issuu.com\/kophal\/docs\" target=\"_blank\" rel=\"noopener noreferrer\">Issuu<\/a><\/li>\n<\/ul>\n","protected":false},"excerpt":{"rendered":"<p>En deux, trois mots&#8230; Ancien journaliste RP, titulaire du Certificat d\u2019\u00e9tudes sup\u00e9rieures en journalisme de l\u2019Universit\u00e9 de Neuch\u00e2tel, dipl\u00f4m\u00e9 du Centre romand de formation des journalistes, dipl\u00f4m\u00e9 SAWI en marketing et communication, sauveteur, garde-bains, guide de plong\u00e9e, prof d&#8217;anglais, prof de fran\u00e7ais \u2013 et deux, trois autres choses. Correspondant pour de nombreux magazines et quotidiens &hellip;<\/p>\n","protected":false},"author":1,"featured_media":416,"parent":0,"menu_order":0,"comment_status":"closed","ping_status":"closed","template":"","meta":{"content-type":"","ngg_post_thumbnail":0,"footnotes":""},"class_list":["post-2","page","type-page","status-publish","has-post-thumbnail","hentry"],"yoast_head":"<!-- This site is optimized with the Yoast SEO plugin v26.5 - https:\/\/yoast.com\/wordpress\/plugins\/seo\/ -->\n<title>Qui? - Lars Kophal<\/title>\n<meta name=\"description\" content=\"Ancien journaliste RP, titulaire du Certificat d\u2019\u00e9tudes sup\u00e9rieures en journalisme de l\u2019Universit\u00e9 de Neuch\u00e2tel, dipl\u00f4m\u00e9 du Centre romand de formation des journalistes, dipl\u00f4m\u00e9 SAWI en marketing et communication, sauveteur, garde-bains et guide de plong\u00e9e \u2013 et deux, trois autres choses.\" \/>\n<meta name=\"robots\" content=\"index, follow, max-snippet:-1, max-image-preview:large, max-video-preview:-1\" \/>\n<link rel=\"canonical\" href=\"https:\/\/www.larskophal.ch\/press\/bio\/\" \/>\n<meta property=\"og:locale\" content=\"fr_FR\" \/>\n<meta property=\"og:type\" content=\"article\" \/>\n<meta property=\"og:title\" content=\"Qui? - Lars Kophal\" \/>\n<meta property=\"og:description\" content=\"Ancien journaliste RP, titulaire du Certificat d\u2019\u00e9tudes sup\u00e9rieures en journalisme de l\u2019Universit\u00e9 de Neuch\u00e2tel, dipl\u00f4m\u00e9 du Centre romand de formation des journalistes, dipl\u00f4m\u00e9 SAWI en marketing et communication, sauveteur, garde-bains et guide de plong\u00e9e \u2013 et deux, trois autres choses.\" \/>\n<meta property=\"og:url\" content=\"https:\/\/www.larskophal.ch\/press\/bio\/\" \/>\n<meta property=\"og:site_name\" content=\"Lars Kophal\" \/>\n<meta property=\"article:modified_time\" content=\"2023-07-29T21:18:52+00:00\" \/>\n<meta property=\"og:image\" content=\"https:\/\/www.larskophal.ch\/press\/wp-content\/uploads\/2017\/03\/cropped-IMG_3715.jpg\" \/>\n\t<meta property=\"og:image:width\" content=\"1000\" \/>\n\t<meta property=\"og:image:height\" content=\"288\" \/>\n\t<meta property=\"og:image:type\" content=\"image\/jpeg\" \/>\n<meta name=\"twitter:card\" content=\"summary_large_image\" \/>\n<meta name=\"twitter:label1\" content=\"Dur\u00e9e de lecture estim\u00e9e\" \/>\n\t<meta name=\"twitter:data1\" content=\"2 minutes\" \/>\n<script type=\"application\/ld+json\" class=\"yoast-schema-graph\">{\"@context\":\"https:\/\/schema.org\",\"@graph\":[{\"@type\":\"WebPage\",\"@id\":\"https:\/\/www.larskophal.ch\/press\/bio\/\",\"url\":\"https:\/\/www.larskophal.ch\/press\/bio\/\",\"name\":\"Qui? - Lars Kophal\",\"isPartOf\":{\"@id\":\"https:\/\/www.larskophal.ch\/press\/#website\"},\"primaryImageOfPage\":{\"@id\":\"https:\/\/www.larskophal.ch\/press\/bio\/#primaryimage\"},\"image\":{\"@id\":\"https:\/\/www.larskophal.ch\/press\/bio\/#primaryimage\"},\"thumbnailUrl\":\"https:\/\/www.larskophal.ch\/press\/wp-content\/uploads\/2017\/03\/cropped-IMG_3715.jpg\",\"datePublished\":\"2012-06-18T09:32:41+00:00\",\"dateModified\":\"2023-07-29T21:18:52+00:00\",\"description\":\"Ancien journaliste RP, titulaire du Certificat d\u2019\u00e9tudes sup\u00e9rieures en journalisme de l\u2019Universit\u00e9 de Neuch\u00e2tel, dipl\u00f4m\u00e9 du Centre romand de formation des journalistes, dipl\u00f4m\u00e9 SAWI en marketing et communication, sauveteur, garde-bains et guide de plong\u00e9e \u2013 et deux, trois autres choses.\",\"breadcrumb\":{\"@id\":\"https:\/\/www.larskophal.ch\/press\/bio\/#breadcrumb\"},\"inLanguage\":\"fr-FR\",\"potentialAction\":[{\"@type\":\"ReadAction\",\"target\":[\"https:\/\/www.larskophal.ch\/press\/bio\/\"]}]},{\"@type\":\"ImageObject\",\"inLanguage\":\"fr-FR\",\"@id\":\"https:\/\/www.larskophal.ch\/press\/bio\/#primaryimage\",\"url\":\"https:\/\/www.larskophal.ch\/press\/wp-content\/uploads\/2017\/03\/cropped-IMG_3715.jpg\",\"contentUrl\":\"https:\/\/www.larskophal.ch\/press\/wp-content\/uploads\/2017\/03\/cropped-IMG_3715.jpg\",\"width\":1000,\"height\":288},{\"@type\":\"BreadcrumbList\",\"@id\":\"https:\/\/www.larskophal.ch\/press\/bio\/#breadcrumb\",\"itemListElement\":[{\"@type\":\"ListItem\",\"position\":1,\"name\":\"Accueil\",\"item\":\"https:\/\/www.larskophal.ch\/press\/\"},{\"@type\":\"ListItem\",\"position\":2,\"name\":\"Qui?\"}]},{\"@type\":\"WebSite\",\"@id\":\"https:\/\/www.larskophal.ch\/press\/#website\",\"url\":\"https:\/\/www.larskophal.ch\/press\/\",\"name\":\"Lars Kophal\",\"description\":\"le journalisme, l&#039;enseignement, les voyages et moi.\",\"publisher\":{\"@id\":\"https:\/\/www.larskophal.ch\/press\/#\/schema\/person\/e39cd1f07abd3115c360cc70d526b144\"},\"potentialAction\":[{\"@type\":\"SearchAction\",\"target\":{\"@type\":\"EntryPoint\",\"urlTemplate\":\"https:\/\/www.larskophal.ch\/press\/?s={search_term_string}\"},\"query-input\":{\"@type\":\"PropertyValueSpecification\",\"valueRequired\":true,\"valueName\":\"search_term_string\"}}],\"inLanguage\":\"fr-FR\"},{\"@type\":[\"Person\",\"Organization\"],\"@id\":\"https:\/\/www.larskophal.ch\/press\/#\/schema\/person\/e39cd1f07abd3115c360cc70d526b144\",\"name\":\"Lars Kophal\",\"image\":{\"@type\":\"ImageObject\",\"inLanguage\":\"fr-FR\",\"@id\":\"https:\/\/www.larskophal.ch\/press\/#\/schema\/person\/image\/\",\"url\":\"https:\/\/www.larskophal.ch\/press\/wp-content\/uploads\/2021\/10\/Minimalist-Circle-Letter-J-Logo.png\",\"contentUrl\":\"https:\/\/www.larskophal.ch\/press\/wp-content\/uploads\/2021\/10\/Minimalist-Circle-Letter-J-Logo.png\",\"width\":750,\"height\":750,\"caption\":\"Lars Kophal\"},\"logo\":{\"@id\":\"https:\/\/www.larskophal.ch\/press\/#\/schema\/person\/image\/\"},\"description\":\"Swiss journalist, author, party organizer and renegade.\",\"sameAs\":[\"https:\/\/www.larskophal.ch\",\"https:\/\/www.instagram.com\/larskophal\",\"https:\/\/www.linkedin.com\/in\/lkophal\/\",\"https:\/\/www.youtube.com\/channel\/UCcKvhhAX9AXtz0i5d5Qq9NQ\"]}]}<\/script>\n<!-- \/ Yoast SEO plugin. -->","yoast_head_json":{"title":"Qui? - Lars Kophal","description":"Ancien journaliste RP, titulaire du Certificat d\u2019\u00e9tudes sup\u00e9rieures en journalisme de l\u2019Universit\u00e9 de Neuch\u00e2tel, dipl\u00f4m\u00e9 du Centre romand de formation des journalistes, dipl\u00f4m\u00e9 SAWI en marketing et communication, sauveteur, garde-bains et guide de plong\u00e9e \u2013 et deux, trois autres choses.","robots":{"index":"index","follow":"follow","max-snippet":"max-snippet:-1","max-image-preview":"max-image-preview:large","max-video-preview":"max-video-preview:-1"},"canonical":"https:\/\/www.larskophal.ch\/press\/bio\/","og_locale":"fr_FR","og_type":"article","og_title":"Qui? - Lars Kophal","og_description":"Ancien journaliste RP, titulaire du Certificat d\u2019\u00e9tudes sup\u00e9rieures en journalisme de l\u2019Universit\u00e9 de Neuch\u00e2tel, dipl\u00f4m\u00e9 du Centre romand de formation des journalistes, dipl\u00f4m\u00e9 SAWI en marketing et communication, sauveteur, garde-bains et guide de plong\u00e9e \u2013 et deux, trois autres choses.","og_url":"https:\/\/www.larskophal.ch\/press\/bio\/","og_site_name":"Lars Kophal","article_modified_time":"2023-07-29T21:18:52+00:00","og_image":[{"width":1000,"height":288,"url":"https:\/\/www.larskophal.ch\/press\/wp-content\/uploads\/2017\/03\/cropped-IMG_3715.jpg","type":"image\/jpeg"}],"twitter_card":"summary_large_image","twitter_misc":{"Dur\u00e9e de lecture estim\u00e9e":"2 minutes"},"schema":{"@context":"https:\/\/schema.org","@graph":[{"@type":"WebPage","@id":"https:\/\/www.larskophal.ch\/press\/bio\/","url":"https:\/\/www.larskophal.ch\/press\/bio\/","name":"Qui? - Lars Kophal","isPartOf":{"@id":"https:\/\/www.larskophal.ch\/press\/#website"},"primaryImageOfPage":{"@id":"https:\/\/www.larskophal.ch\/press\/bio\/#primaryimage"},"image":{"@id":"https:\/\/www.larskophal.ch\/press\/bio\/#primaryimage"},"thumbnailUrl":"https:\/\/www.larskophal.ch\/press\/wp-content\/uploads\/2017\/03\/cropped-IMG_3715.jpg","datePublished":"2012-06-18T09:32:41+00:00","dateModified":"2023-07-29T21:18:52+00:00","description":"Ancien journaliste RP, titulaire du Certificat d\u2019\u00e9tudes sup\u00e9rieures en journalisme de l\u2019Universit\u00e9 de Neuch\u00e2tel, dipl\u00f4m\u00e9 du Centre romand de formation des journalistes, dipl\u00f4m\u00e9 SAWI en marketing et communication, sauveteur, garde-bains et guide de plong\u00e9e \u2013 et deux, trois autres choses.","breadcrumb":{"@id":"https:\/\/www.larskophal.ch\/press\/bio\/#breadcrumb"},"inLanguage":"fr-FR","potentialAction":[{"@type":"ReadAction","target":["https:\/\/www.larskophal.ch\/press\/bio\/"]}]},{"@type":"ImageObject","inLanguage":"fr-FR","@id":"https:\/\/www.larskophal.ch\/press\/bio\/#primaryimage","url":"https:\/\/www.larskophal.ch\/press\/wp-content\/uploads\/2017\/03\/cropped-IMG_3715.jpg","contentUrl":"https:\/\/www.larskophal.ch\/press\/wp-content\/uploads\/2017\/03\/cropped-IMG_3715.jpg","width":1000,"height":288},{"@type":"BreadcrumbList","@id":"https:\/\/www.larskophal.ch\/press\/bio\/#breadcrumb","itemListElement":[{"@type":"ListItem","position":1,"name":"Accueil","item":"https:\/\/www.larskophal.ch\/press\/"},{"@type":"ListItem","position":2,"name":"Qui?"}]},{"@type":"WebSite","@id":"https:\/\/www.larskophal.ch\/press\/#website","url":"https:\/\/www.larskophal.ch\/press\/","name":"Lars Kophal","description":"le journalisme, l&#039;enseignement, les voyages et moi.","publisher":{"@id":"https:\/\/www.larskophal.ch\/press\/#\/schema\/person\/e39cd1f07abd3115c360cc70d526b144"},"potentialAction":[{"@type":"SearchAction","target":{"@type":"EntryPoint","urlTemplate":"https:\/\/www.larskophal.ch\/press\/?s={search_term_string}"},"query-input":{"@type":"PropertyValueSpecification","valueRequired":true,"valueName":"search_term_string"}}],"inLanguage":"fr-FR"},{"@type":["Person","Organization"],"@id":"https:\/\/www.larskophal.ch\/press\/#\/schema\/person\/e39cd1f07abd3115c360cc70d526b144","name":"Lars Kophal","image":{"@type":"ImageObject","inLanguage":"fr-FR","@id":"https:\/\/www.larskophal.ch\/press\/#\/schema\/person\/image\/","url":"https:\/\/www.larskophal.ch\/press\/wp-content\/uploads\/2021\/10\/Minimalist-Circle-Letter-J-Logo.png","contentUrl":"https:\/\/www.larskophal.ch\/press\/wp-content\/uploads\/2021\/10\/Minimalist-Circle-Letter-J-Logo.png","width":750,"height":750,"caption":"Lars Kophal"},"logo":{"@id":"https:\/\/www.larskophal.ch\/press\/#\/schema\/person\/image\/"},"description":"Swiss journalist, author, party organizer and renegade.","sameAs":["https:\/\/www.larskophal.ch","https:\/\/www.instagram.com\/larskophal","https:\/\/www.linkedin.com\/in\/lkophal\/","https:\/\/www.youtube.com\/channel\/UCcKvhhAX9AXtz0i5d5Qq9NQ"]}]}},"_links":{"self":[{"href":"https:\/\/www.larskophal.ch\/press\/wp-json\/wp\/v2\/pages\/2","targetHints":{"allow":["GET"]}}],"collection":[{"href":"https:\/\/www.larskophal.ch\/press\/wp-json\/wp\/v2\/pages"}],"about":[{"href":"https:\/\/www.larskophal.ch\/press\/wp-json\/wp\/v2\/types\/page"}],"author":[{"embeddable":true,"href":"https:\/\/www.larskophal.ch\/press\/wp-json\/wp\/v2\/users\/1"}],"replies":[{"embeddable":true,"href":"https:\/\/www.larskophal.ch\/press\/wp-json\/wp\/v2\/comments?post=2"}],"version-history":[{"count":9,"href":"https:\/\/www.larskophal.ch\/press\/wp-json\/wp\/v2\/pages\/2\/revisions"}],"predecessor-version":[{"id":1543,"href":"https:\/\/www.larskophal.ch\/press\/wp-json\/wp\/v2\/pages\/2\/revisions\/1543"}],"wp:featuredmedia":[{"embeddable":true,"href":"https:\/\/www.larskophal.ch\/press\/wp-json\/wp\/v2\/media\/416"}],"wp:attachment":[{"href":"https:\/\/www.larskophal.ch\/press\/wp-json\/wp\/v2\/media?parent=2"}],"curies":[{"name":"wp","href":"https:\/\/api.w.org\/{rel}","templated":true}]}}