{"id":1548,"date":"2023-07-30T20:45:31","date_gmt":"2023-07-30T18:45:31","guid":{"rendered":"https:\/\/www.larskophal.ch\/press\/?page_id=1548"},"modified":"2023-10-22T00:18:03","modified_gmt":"2023-10-21T22:18:03","slug":"the-food-jeepney","status":"publish","type":"page","link":"https:\/\/www.larskophal.ch\/press\/the-food-jeepney\/","title":{"rendered":"The Food Jeepney"},"content":{"rendered":"<div class=\"wp-block-image is-style-default\">\n<figure class=\"aligncenter size-large is-resized\"><a href=\"https:\/\/www.instagram.com\/thefoodjeepney\/\" target=\"_blank\" rel=\"noreferrer noopener\"><img loading=\"lazy\" decoding=\"async\" width=\"1024\" height=\"683\" src=\"https:\/\/www.larskophal.ch\/press\/wp-content\/uploads\/2023\/07\/jeepney1-copy-1024x683.jpg\" alt=\"\" class=\"wp-image-1552\" style=\"width:567px;height:378px\" srcset=\"https:\/\/www.larskophal.ch\/press\/wp-content\/uploads\/2023\/07\/jeepney1-copy-1024x683.jpg 1024w, https:\/\/www.larskophal.ch\/press\/wp-content\/uploads\/2023\/07\/jeepney1-copy-300x200.jpg 300w, https:\/\/www.larskophal.ch\/press\/wp-content\/uploads\/2023\/07\/jeepney1-copy-768x512.jpg 768w, https:\/\/www.larskophal.ch\/press\/wp-content\/uploads\/2023\/07\/jeepney1-copy-1536x1024.jpg 1536w, https:\/\/www.larskophal.ch\/press\/wp-content\/uploads\/2023\/07\/jeepney1-copy-2048x1365.jpg 2048w, https:\/\/www.larskophal.ch\/press\/wp-content\/uploads\/2023\/07\/jeepney1-copy-800x533.jpg 800w\" sizes=\"auto, (max-width: 1024px) 100vw, 1024px\" \/><\/a><\/figure>\n<\/div>\n\n\n<p>De d\u00e9cembre 2018 jusqu\u2019\u00e0 sa fermeture forc\u00e9e en raison des confinements successifs de 2020-2021, The Food Jeepney fut le premier restaurant itin\u00e9rant sur l\u2019ile de <a href=\"https:\/\/visit-philippines.fr\/destinations\/ile-palawan-philippines-populaires\/\" target=\"_blank\" rel=\"noreferrer noopener\">Palawan<\/a>, et le premier food truck au monde a \u00eatre emm\u00e9nag\u00e9 dans un <a href=\"https:\/\/fr.wikipedia.org\/wiki\/Jeepney\" target=\"_blank\" rel=\"noreferrer noopener\">jeepney<\/a> philippin traditionnel. Mais ce fut surtout, pour moi, parti sans rien conna\u00eetre de la restauration, des Philippines ou de l&#8217;entreprenariat, un d\u00e9fi totalement d\u00e9raisonnable et une aventure inoubliable.<\/p>\n\n\n\n<figure class=\"wp-block-embed is-type-video is-provider-youtube wp-block-embed-youtube wp-embed-aspect-16-9 wp-has-aspect-ratio\"><div class=\"wp-block-embed__wrapper\">\n<iframe loading=\"lazy\" title=\"THE FOOD JEEPNEY  - TEASER\" width=\"640\" height=\"360\" src=\"https:\/\/www.youtube.com\/embed\/ENL7GS6PL1g?feature=oembed\" frameborder=\"0\" allow=\"accelerometer; autoplay; clipboard-write; encrypted-media; gyroscope; picture-in-picture; web-share\" referrerpolicy=\"strict-origin-when-cross-origin\" allowfullscreen><\/iframe>\n<\/div><\/figure>\n\n\n\n<figure class=\"wp-block-image size-full is-resized is-style-default\"><img loading=\"lazy\" decoding=\"async\" width=\"846\" height=\"443\" src=\"https:\/\/www.larskophal.ch\/press\/wp-content\/uploads\/2023\/07\/IMG_20181219_124234_832.jpg\" alt=\"\" class=\"wp-image-1645\" style=\"width:717px;height:375px\" srcset=\"https:\/\/www.larskophal.ch\/press\/wp-content\/uploads\/2023\/07\/IMG_20181219_124234_832.jpg 846w, https:\/\/www.larskophal.ch\/press\/wp-content\/uploads\/2023\/07\/IMG_20181219_124234_832-300x157.jpg 300w, https:\/\/www.larskophal.ch\/press\/wp-content\/uploads\/2023\/07\/IMG_20181219_124234_832-768x402.jpg 768w, https:\/\/www.larskophal.ch\/press\/wp-content\/uploads\/2023\/07\/IMG_20181219_124234_832-800x419.jpg 800w\" sizes=\"auto, (max-width: 846px) 100vw, 846px\" \/><figcaption class=\"wp-element-caption\">The Food Jeepney sur la plage de Port Barton pendant la haute saison&#8230;<\/figcaption><\/figure>\n\n\n\n<figure class=\"wp-block-image size-full is-style-default\"><a href=\"https:\/\/www.larskophal.ch\/press\/wp-content\/uploads\/2023\/07\/FB_IMG_1568543601555.jpg\"><img loading=\"lazy\" decoding=\"async\" width=\"720\" height=\"389\" src=\"https:\/\/www.larskophal.ch\/press\/wp-content\/uploads\/2023\/07\/FB_IMG_1568543601555.jpg\" alt=\"\" class=\"wp-image-1643\" srcset=\"https:\/\/www.larskophal.ch\/press\/wp-content\/uploads\/2023\/07\/FB_IMG_1568543601555.jpg 720w, https:\/\/www.larskophal.ch\/press\/wp-content\/uploads\/2023\/07\/FB_IMG_1568543601555-300x162.jpg 300w\" sizes=\"auto, (max-width: 720px) 100vw, 720px\" \/><\/a><figcaption class=\"wp-element-caption\">&#8230;et \u00e0 Puerto Princesa, la capitale provinciale de Palawan, durant la saison des pluies.<\/figcaption><\/figure>\n\n\n\n<p class=\"has-text-align-center has-luminous-vivid-amber-color has-text-color has-small-font-size\">[Attendez que le diorama d\u00e9marre! :)]<\/p>\n\n\n\nngg_shortcode_0_placeholder\n\n\n<p><iframe style=\"border-radius:12px\" src=\"https:\/\/open.spotify.com\/embed\/playlist\/0dLgd0DMmYgMIBcqZALg4b?utm_source=generator\" width=\"100%\" height=\"352\" frameBorder=\"0\" allowfullscreen=\"\" allow=\"autoplay; clipboard-write; encrypted-media; fullscreen; picture-in-picture\" loading=\"lazy\"><\/iframe><\/p>\n\n\n<ul class=\"wp-block-social-links has-large-icon-size is-style-default is-layout-flex wp-block-social-links-is-layout-flex\"><li class=\"wp-social-link wp-social-link-instagram  wp-block-social-link\"><a href=\"https:\/\/www.instagram.com\/thefoodjeepney\/\" class=\"wp-block-social-link-anchor\"><svg width=\"24\" height=\"24\" viewBox=\"0 0 24 24\" version=\"1.1\" xmlns=\"http:\/\/www.w3.org\/2000\/svg\" aria-hidden=\"true\" focusable=\"false\"><path d=\"M12,4.622c2.403,0,2.688,0.009,3.637,0.052c0.877,0.04,1.354,0.187,1.671,0.31c0.42,0.163,0.72,0.358,1.035,0.673 c0.315,0.315,0.51,0.615,0.673,1.035c0.123,0.317,0.27,0.794,0.31,1.671c0.043,0.949,0.052,1.234,0.052,3.637 s-0.009,2.688-0.052,3.637c-0.04,0.877-0.187,1.354-0.31,1.671c-0.163,0.42-0.358,0.72-0.673,1.035 c-0.315,0.315-0.615,0.51-1.035,0.673c-0.317,0.123-0.794,0.27-1.671,0.31c-0.949,0.043-1.233,0.052-3.637,0.052 s-2.688-0.009-3.637-0.052c-0.877-0.04-1.354-0.187-1.671-0.31c-0.42-0.163-0.72-0.358-1.035-0.673 c-0.315-0.315-0.51-0.615-0.673-1.035c-0.123-0.317-0.27-0.794-0.31-1.671C4.631,14.688,4.622,14.403,4.622,12 s0.009-2.688,0.052-3.637c0.04-0.877,0.187-1.354,0.31-1.671c0.163-0.42,0.358-0.72,0.673-1.035 c0.315-0.315,0.615-0.51,1.035-0.673c0.317-0.123,0.794-0.27,1.671-0.31C9.312,4.631,9.597,4.622,12,4.622 M12,3 C9.556,3,9.249,3.01,8.289,3.054C7.331,3.098,6.677,3.25,6.105,3.472C5.513,3.702,5.011,4.01,4.511,4.511 c-0.5,0.5-0.808,1.002-1.038,1.594C3.25,6.677,3.098,7.331,3.054,8.289C3.01,9.249,3,9.556,3,12c0,2.444,0.01,2.751,0.054,3.711 c0.044,0.958,0.196,1.612,0.418,2.185c0.23,0.592,0.538,1.094,1.038,1.594c0.5,0.5,1.002,0.808,1.594,1.038 c0.572,0.222,1.227,0.375,2.185,0.418C9.249,20.99,9.556,21,12,21s2.751-0.01,3.711-0.054c0.958-0.044,1.612-0.196,2.185-0.418 c0.592-0.23,1.094-0.538,1.594-1.038c0.5-0.5,0.808-1.002,1.038-1.594c0.222-0.572,0.375-1.227,0.418-2.185 C20.99,14.751,21,14.444,21,12s-0.01-2.751-0.054-3.711c-0.044-0.958-0.196-1.612-0.418-2.185c-0.23-0.592-0.538-1.094-1.038-1.594 c-0.5-0.5-1.002-0.808-1.594-1.038c-0.572-0.222-1.227-0.375-2.185-0.418C14.751,3.01,14.444,3,12,3L12,3z M12,7.378 c-2.552,0-4.622,2.069-4.622,4.622S9.448,16.622,12,16.622s4.622-2.069,4.622-4.622S14.552,7.378,12,7.378z M12,15 c-1.657,0-3-1.343-3-3s1.343-3,3-3s3,1.343,3,3S13.657,15,12,15z M16.804,6.116c-0.596,0-1.08,0.484-1.08,1.08 s0.484,1.08,1.08,1.08c0.596,0,1.08-0.484,1.08-1.08S17.401,6.116,16.804,6.116z\"><\/path><\/svg><span class=\"wp-block-social-link-label screen-reader-text\">Instagram<\/span><\/a><\/li>\n\n<li class=\"wp-social-link wp-social-link-facebook  wp-block-social-link\"><a href=\"https:\/\/www.facebook.com\/thefoodjeepneypalawan\/\" class=\"wp-block-social-link-anchor\"><svg width=\"24\" height=\"24\" viewBox=\"0 0 24 24\" version=\"1.1\" xmlns=\"http:\/\/www.w3.org\/2000\/svg\" aria-hidden=\"true\" focusable=\"false\"><path d=\"M12 2C6.5 2 2 6.5 2 12c0 5 3.7 9.1 8.4 9.9v-7H7.9V12h2.5V9.8c0-2.5 1.5-3.9 3.8-3.9 1.1 0 2.2.2 2.2.2v2.5h-1.3c-1.2 0-1.6.8-1.6 1.6V12h2.8l-.4 2.9h-2.3v7C18.3 21.1 22 17 22 12c0-5.5-4.5-10-10-10z\"><\/path><\/svg><span class=\"wp-block-social-link-label screen-reader-text\">Facebook<\/span><\/a><\/li><\/ul>\n","protected":false},"excerpt":{"rendered":"<p>De d\u00e9cembre 2018 jusqu\u2019\u00e0 sa fermeture forc\u00e9e durant les confinements successifs de 2020-2021, The Food Jeepney fut le premier food truck sur l\u2019ile de Palawan, et surtout le premier food truck au monde a \u00eatre emm\u00e9nag\u00e9 dans un jeepney philippin traditionnel.<\/p>\n","protected":false},"author":1,"featured_media":1549,"parent":0,"menu_order":0,"comment_status":"closed","ping_status":"closed","template":"","meta":{"content-type":"","ngg_post_thumbnail":0,"footnotes":""},"class_list":["post-1548","page","type-page","status-publish","has-post-thumbnail","hentry"],"yoast_head":"<!-- This site is optimized with the Yoast SEO plugin v26.5 - https:\/\/yoast.com\/wordpress\/plugins\/seo\/ -->\n<title>The Food Jeepney - Lars Kophal<\/title>\n<meta name=\"description\" content=\"De d\u00e9cembre 2018 jusqu\u2019\u00e0 sa fermeture forc\u00e9e durant les confinements successifs de 2020-2021, The Food Jeepney fut le premier food truck sur l\u2019ile de Palawan, et surtout le premier food truck au monde a \u00eatre emm\u00e9nag\u00e9 dans un jeepney philippin traditionnel.\" \/>\n<meta name=\"robots\" content=\"index, follow, max-snippet:-1, max-image-preview:large, max-video-preview:-1\" \/>\n<link rel=\"canonical\" href=\"https:\/\/www.larskophal.ch\/press\/the-food-jeepney\/\" \/>\n<meta property=\"og:locale\" content=\"fr_FR\" \/>\n<meta property=\"og:type\" content=\"article\" \/>\n<meta property=\"og:title\" content=\"The Food Jeepney - Lars Kophal\" \/>\n<meta property=\"og:description\" content=\"De d\u00e9cembre 2018 jusqu\u2019\u00e0 sa fermeture forc\u00e9e durant les confinements successifs de 2020-2021, The Food Jeepney fut le premier food truck sur l\u2019ile de Palawan, et surtout le premier food truck au monde a \u00eatre emm\u00e9nag\u00e9 dans un jeepney philippin traditionnel.\" \/>\n<meta property=\"og:url\" content=\"https:\/\/www.larskophal.ch\/press\/the-food-jeepney\/\" \/>\n<meta property=\"og:site_name\" content=\"Lars Kophal\" \/>\n<meta property=\"article:modified_time\" content=\"2023-10-21T22:18:03+00:00\" \/>\n<meta property=\"og:image\" content=\"https:\/\/www.larskophal.ch\/press\/wp-content\/uploads\/2023\/07\/jeepney-1-1024x416.png\" \/>\n\t<meta property=\"og:image:width\" content=\"1024\" \/>\n\t<meta property=\"og:image:height\" content=\"416\" \/>\n\t<meta property=\"og:image:type\" content=\"image\/png\" \/>\n<meta name=\"twitter:card\" content=\"summary_large_image\" \/>\n<meta name=\"twitter:label1\" content=\"Dur\u00e9e de lecture estim\u00e9e\" \/>\n\t<meta name=\"twitter:data1\" content=\"2 minutes\" \/>\n<script type=\"application\/ld+json\" class=\"yoast-schema-graph\">{\"@context\":\"https:\/\/schema.org\",\"@graph\":[{\"@type\":\"WebPage\",\"@id\":\"https:\/\/www.larskophal.ch\/press\/the-food-jeepney\/\",\"url\":\"https:\/\/www.larskophal.ch\/press\/the-food-jeepney\/\",\"name\":\"The Food Jeepney - Lars Kophal\",\"isPartOf\":{\"@id\":\"https:\/\/www.larskophal.ch\/press\/#website\"},\"primaryImageOfPage\":{\"@id\":\"https:\/\/www.larskophal.ch\/press\/the-food-jeepney\/#primaryimage\"},\"image\":{\"@id\":\"https:\/\/www.larskophal.ch\/press\/the-food-jeepney\/#primaryimage\"},\"thumbnailUrl\":\"https:\/\/www.larskophal.ch\/press\/wp-content\/uploads\/2023\/07\/jeepney-1.png\",\"datePublished\":\"2023-07-30T18:45:31+00:00\",\"dateModified\":\"2023-10-21T22:18:03+00:00\",\"description\":\"De d\u00e9cembre 2018 jusqu\u2019\u00e0 sa fermeture forc\u00e9e durant les confinements successifs de 2020-2021, The Food Jeepney fut le premier food truck sur l\u2019ile de Palawan, et surtout le premier food truck au monde a \u00eatre emm\u00e9nag\u00e9 dans un jeepney philippin traditionnel.\",\"breadcrumb\":{\"@id\":\"https:\/\/www.larskophal.ch\/press\/the-food-jeepney\/#breadcrumb\"},\"inLanguage\":\"fr-FR\",\"potentialAction\":[{\"@type\":\"ReadAction\",\"target\":[\"https:\/\/www.larskophal.ch\/press\/the-food-jeepney\/\"]}]},{\"@type\":\"ImageObject\",\"inLanguage\":\"fr-FR\",\"@id\":\"https:\/\/www.larskophal.ch\/press\/the-food-jeepney\/#primaryimage\",\"url\":\"https:\/\/www.larskophal.ch\/press\/wp-content\/uploads\/2023\/07\/jeepney-1.png\",\"contentUrl\":\"https:\/\/www.larskophal.ch\/press\/wp-content\/uploads\/2023\/07\/jeepney-1.png\",\"width\":3849,\"height\":1565},{\"@type\":\"BreadcrumbList\",\"@id\":\"https:\/\/www.larskophal.ch\/press\/the-food-jeepney\/#breadcrumb\",\"itemListElement\":[{\"@type\":\"ListItem\",\"position\":1,\"name\":\"Accueil\",\"item\":\"https:\/\/www.larskophal.ch\/press\/\"},{\"@type\":\"ListItem\",\"position\":2,\"name\":\"The Food Jeepney\"}]},{\"@type\":\"WebSite\",\"@id\":\"https:\/\/www.larskophal.ch\/press\/#website\",\"url\":\"https:\/\/www.larskophal.ch\/press\/\",\"name\":\"Lars Kophal\",\"description\":\"le journalisme, l&#039;enseignement, les voyages et moi.\",\"publisher\":{\"@id\":\"https:\/\/www.larskophal.ch\/press\/#\/schema\/person\/e39cd1f07abd3115c360cc70d526b144\"},\"potentialAction\":[{\"@type\":\"SearchAction\",\"target\":{\"@type\":\"EntryPoint\",\"urlTemplate\":\"https:\/\/www.larskophal.ch\/press\/?s={search_term_string}\"},\"query-input\":{\"@type\":\"PropertyValueSpecification\",\"valueRequired\":true,\"valueName\":\"search_term_string\"}}],\"inLanguage\":\"fr-FR\"},{\"@type\":[\"Person\",\"Organization\"],\"@id\":\"https:\/\/www.larskophal.ch\/press\/#\/schema\/person\/e39cd1f07abd3115c360cc70d526b144\",\"name\":\"Lars Kophal\",\"image\":{\"@type\":\"ImageObject\",\"inLanguage\":\"fr-FR\",\"@id\":\"https:\/\/www.larskophal.ch\/press\/#\/schema\/person\/image\/\",\"url\":\"https:\/\/www.larskophal.ch\/press\/wp-content\/uploads\/2021\/10\/Minimalist-Circle-Letter-J-Logo.png\",\"contentUrl\":\"https:\/\/www.larskophal.ch\/press\/wp-content\/uploads\/2021\/10\/Minimalist-Circle-Letter-J-Logo.png\",\"width\":750,\"height\":750,\"caption\":\"Lars Kophal\"},\"logo\":{\"@id\":\"https:\/\/www.larskophal.ch\/press\/#\/schema\/person\/image\/\"},\"description\":\"Swiss journalist, author, party organizer and renegade.\",\"sameAs\":[\"https:\/\/www.larskophal.ch\",\"https:\/\/www.instagram.com\/larskophal\",\"https:\/\/www.linkedin.com\/in\/lkophal\/\",\"https:\/\/www.youtube.com\/channel\/UCcKvhhAX9AXtz0i5d5Qq9NQ\"]}]}<\/script>\n<!-- \/ Yoast SEO plugin. -->","yoast_head_json":{"title":"The Food Jeepney - Lars Kophal","description":"De d\u00e9cembre 2018 jusqu\u2019\u00e0 sa fermeture forc\u00e9e durant les confinements successifs de 2020-2021, The Food Jeepney fut le premier food truck sur l\u2019ile de Palawan, et surtout le premier food truck au monde a \u00eatre emm\u00e9nag\u00e9 dans un jeepney philippin traditionnel.","robots":{"index":"index","follow":"follow","max-snippet":"max-snippet:-1","max-image-preview":"max-image-preview:large","max-video-preview":"max-video-preview:-1"},"canonical":"https:\/\/www.larskophal.ch\/press\/the-food-jeepney\/","og_locale":"fr_FR","og_type":"article","og_title":"The Food Jeepney - Lars Kophal","og_description":"De d\u00e9cembre 2018 jusqu\u2019\u00e0 sa fermeture forc\u00e9e durant les confinements successifs de 2020-2021, The Food Jeepney fut le premier food truck sur l\u2019ile de Palawan, et surtout le premier food truck au monde a \u00eatre emm\u00e9nag\u00e9 dans un jeepney philippin traditionnel.","og_url":"https:\/\/www.larskophal.ch\/press\/the-food-jeepney\/","og_site_name":"Lars Kophal","article_modified_time":"2023-10-21T22:18:03+00:00","og_image":[{"width":1024,"height":416,"url":"https:\/\/www.larskophal.ch\/press\/wp-content\/uploads\/2023\/07\/jeepney-1-1024x416.png","type":"image\/png"}],"twitter_card":"summary_large_image","twitter_misc":{"Dur\u00e9e de lecture estim\u00e9e":"2 minutes"},"schema":{"@context":"https:\/\/schema.org","@graph":[{"@type":"WebPage","@id":"https:\/\/www.larskophal.ch\/press\/the-food-jeepney\/","url":"https:\/\/www.larskophal.ch\/press\/the-food-jeepney\/","name":"The Food Jeepney - Lars Kophal","isPartOf":{"@id":"https:\/\/www.larskophal.ch\/press\/#website"},"primaryImageOfPage":{"@id":"https:\/\/www.larskophal.ch\/press\/the-food-jeepney\/#primaryimage"},"image":{"@id":"https:\/\/www.larskophal.ch\/press\/the-food-jeepney\/#primaryimage"},"thumbnailUrl":"https:\/\/www.larskophal.ch\/press\/wp-content\/uploads\/2023\/07\/jeepney-1.png","datePublished":"2023-07-30T18:45:31+00:00","dateModified":"2023-10-21T22:18:03+00:00","description":"De d\u00e9cembre 2018 jusqu\u2019\u00e0 sa fermeture forc\u00e9e durant les confinements successifs de 2020-2021, The Food Jeepney fut le premier food truck sur l\u2019ile de Palawan, et surtout le premier food truck au monde a \u00eatre emm\u00e9nag\u00e9 dans un jeepney philippin traditionnel.","breadcrumb":{"@id":"https:\/\/www.larskophal.ch\/press\/the-food-jeepney\/#breadcrumb"},"inLanguage":"fr-FR","potentialAction":[{"@type":"ReadAction","target":["https:\/\/www.larskophal.ch\/press\/the-food-jeepney\/"]}]},{"@type":"ImageObject","inLanguage":"fr-FR","@id":"https:\/\/www.larskophal.ch\/press\/the-food-jeepney\/#primaryimage","url":"https:\/\/www.larskophal.ch\/press\/wp-content\/uploads\/2023\/07\/jeepney-1.png","contentUrl":"https:\/\/www.larskophal.ch\/press\/wp-content\/uploads\/2023\/07\/jeepney-1.png","width":3849,"height":1565},{"@type":"BreadcrumbList","@id":"https:\/\/www.larskophal.ch\/press\/the-food-jeepney\/#breadcrumb","itemListElement":[{"@type":"ListItem","position":1,"name":"Accueil","item":"https:\/\/www.larskophal.ch\/press\/"},{"@type":"ListItem","position":2,"name":"The Food Jeepney"}]},{"@type":"WebSite","@id":"https:\/\/www.larskophal.ch\/press\/#website","url":"https:\/\/www.larskophal.ch\/press\/","name":"Lars Kophal","description":"le journalisme, l&#039;enseignement, les voyages et moi.","publisher":{"@id":"https:\/\/www.larskophal.ch\/press\/#\/schema\/person\/e39cd1f07abd3115c360cc70d526b144"},"potentialAction":[{"@type":"SearchAction","target":{"@type":"EntryPoint","urlTemplate":"https:\/\/www.larskophal.ch\/press\/?s={search_term_string}"},"query-input":{"@type":"PropertyValueSpecification","valueRequired":true,"valueName":"search_term_string"}}],"inLanguage":"fr-FR"},{"@type":["Person","Organization"],"@id":"https:\/\/www.larskophal.ch\/press\/#\/schema\/person\/e39cd1f07abd3115c360cc70d526b144","name":"Lars Kophal","image":{"@type":"ImageObject","inLanguage":"fr-FR","@id":"https:\/\/www.larskophal.ch\/press\/#\/schema\/person\/image\/","url":"https:\/\/www.larskophal.ch\/press\/wp-content\/uploads\/2021\/10\/Minimalist-Circle-Letter-J-Logo.png","contentUrl":"https:\/\/www.larskophal.ch\/press\/wp-content\/uploads\/2021\/10\/Minimalist-Circle-Letter-J-Logo.png","width":750,"height":750,"caption":"Lars Kophal"},"logo":{"@id":"https:\/\/www.larskophal.ch\/press\/#\/schema\/person\/image\/"},"description":"Swiss journalist, author, party organizer and renegade.","sameAs":["https:\/\/www.larskophal.ch","https:\/\/www.instagram.com\/larskophal","https:\/\/www.linkedin.com\/in\/lkophal\/","https:\/\/www.youtube.com\/channel\/UCcKvhhAX9AXtz0i5d5Qq9NQ"]}]}},"_links":{"self":[{"href":"https:\/\/www.larskophal.ch\/press\/wp-json\/wp\/v2\/pages\/1548","targetHints":{"allow":["GET"]}}],"collection":[{"href":"https:\/\/www.larskophal.ch\/press\/wp-json\/wp\/v2\/pages"}],"about":[{"href":"https:\/\/www.larskophal.ch\/press\/wp-json\/wp\/v2\/types\/page"}],"author":[{"embeddable":true,"href":"https:\/\/www.larskophal.ch\/press\/wp-json\/wp\/v2\/users\/1"}],"replies":[{"embeddable":true,"href":"https:\/\/www.larskophal.ch\/press\/wp-json\/wp\/v2\/comments?post=1548"}],"version-history":[{"count":9,"href":"https:\/\/www.larskophal.ch\/press\/wp-json\/wp\/v2\/pages\/1548\/revisions"}],"predecessor-version":[{"id":1880,"href":"https:\/\/www.larskophal.ch\/press\/wp-json\/wp\/v2\/pages\/1548\/revisions\/1880"}],"wp:featuredmedia":[{"embeddable":true,"href":"https:\/\/www.larskophal.ch\/press\/wp-json\/wp\/v2\/media\/1549"}],"wp:attachment":[{"href":"https:\/\/www.larskophal.ch\/press\/wp-json\/wp\/v2\/media?parent=1548"}],"curies":[{"name":"wp","href":"https:\/\/api.w.org\/{rel}","templated":true}]}}